{"id":315377,"date":"2024-11-21T16:40:35","date_gmt":"2024-11-21T15:40:35","guid":{"rendered":"https:\/\/rwp.rizoma.com\/negozio\/spiegel-montagesatz-motorrad-verkleidung-bs788\/"},"modified":"2025-01-14T10:50:34","modified_gmt":"2025-01-14T09:50:34","slug":"spiegel-montagesatz-motorrad-verkleidung-bs788","status":"publish","type":"product","link":"https:\/\/www.rizoma.com\/de\/negozio\/spiegel\/BS788\/spiegel-montagesatz-motorrad-verkleidung-bs788\/","title":{"rendered":"Spiegel Montagesatz Motorrad-Verkleidung"},"content":{"rendered":"<p>Jeder Rizoma-Spiegeladapter wurde eigens f\u00fcr das entsprechende Motorradmodell entwickelt, um eine bestm\u00f6gliche Befestigung an der Verkleidung zu gew\u00e4hrleisten. Aus Aluminium gearbeitet, um selbst bei starker Beanspruchung Robustheit und Langlebigkeit zu gew\u00e4hrleisten.<\/p>\n","protected":false},"excerpt":{"rendered":"<p>Jeder Rizoma-Spiegeladapter wurde eigens f\u00fcr das entsprechende Motorradmodell entwickelt, um eine bestm\u00f6gliche Befestigung an der Verkleidung zu gew\u00e4hrleisten. Aus Aluminium gearbeitet, um selbst bei starker Beanspruchung Robustheit und Langlebigkeit zu gew\u00e4hrleisten.<\/p>\n","protected":false},"featured_media":297467,"template":"","meta":{"_acf_changed":false},"rizoma_assembly_time":[42664],"rizoma_bike":[41623,41624,41625,41626,41627,41628,41629,41630,41631,41644,41645,41770],"rizoma_division":[42652],"rizoma_family":[42668],"rizoma_model_category":[],"rizoma_product_template":[],"product_brand":[],"product_cat":[42673],"product_tag":[],"class_list":{"0":"post-315377","1":"product","2":"type-product","3":"status-publish","4":"has-post-thumbnail","6":"rizoma_bike-1098-2006-09","7":"rizoma_bike-1098-r-2007-11","8":"rizoma_bike-1098-r-bayliss-le-2009-11","9":"rizoma_bike-1098-s-2006-11","10":"rizoma_bike-1198-2009-12","11":"rizoma_bike-1198-r-corse-special-edition-2010-12","12":"rizoma_bike-1198-s","13":"rizoma_bike-1198-s-corse-special-edition-2010-12","14":"rizoma_bike-1198-sp-2011-12","15":"rizoma_bike-848-2007-13","16":"rizoma_bike-848-evo-2010-12","17":"rizoma_bike-848-evo-corse-special-edition-2011-13","18":"product_cat-spiegel","20":"first","21":"instock","22":"taxable","23":"shipping-taxable","24":"purchasable","25":"product-type-variable"},"acf":[],"_links":{"self":[{"href":"https:\/\/www.rizoma.com\/de\/wp-json\/wp\/v2\/product\/315377","targetHints":{"allow":["GET"]}}],"collection":[{"href":"https:\/\/www.rizoma.com\/de\/wp-json\/wp\/v2\/product"}],"about":[{"href":"https:\/\/www.rizoma.com\/de\/wp-json\/wp\/v2\/types\/product"}],"wp:featuredmedia":[{"embeddable":true,"href":"https:\/\/www.rizoma.com\/de\/wp-json\/wp\/v2\/media\/297467"}],"wp:attachment":[{"href":"https:\/\/www.rizoma.com\/de\/wp-json\/wp\/v2\/media?parent=315377"}],"wp:term":[{"taxonomy":"rizoma_assembly_time","embeddable":true,"href":"https:\/\/www.rizoma.com\/de\/wp-json\/wp\/v2\/rizoma_assembly_time?post=315377"},{"taxonomy":"rizoma_bike","embeddable":true,"href":"https:\/\/www.rizoma.com\/de\/wp-json\/wp\/v2\/rizoma_bike?post=315377"},{"taxonomy":"rizoma_division","embeddable":true,"href":"https:\/\/www.rizoma.com\/de\/wp-json\/wp\/v2\/rizoma_division?post=315377"},{"taxonomy":"rizoma_family","embeddable":true,"href":"https:\/\/www.rizoma.com\/de\/wp-json\/wp\/v2\/rizoma_family?post=315377"},{"taxonomy":"rizoma_model_category","embeddable":true,"href":"https:\/\/www.rizoma.com\/de\/wp-json\/wp\/v2\/rizoma_model_category?post=315377"},{"taxonomy":"rizoma_product_template","embeddable":true,"href":"https:\/\/www.rizoma.com\/de\/wp-json\/wp\/v2\/rizoma_product_template?post=315377"},{"taxonomy":"product_brand","embeddable":true,"href":"https:\/\/www.rizoma.com\/de\/wp-json\/wp\/v2\/product_brand?post=315377"},{"taxonomy":"product_cat","embeddable":true,"href":"https:\/\/www.rizoma.com\/de\/wp-json\/wp\/v2\/product_cat?post=315377"},{"taxonomy":"product_tag","embeddable":true,"href":"https:\/\/www.rizoma.com\/de\/wp-json\/wp\/v2\/product_tag?post=315377"}],"curies":[{"name":"wp","href":"https:\/\/api.w.org\/{rel}","templated":true}]}}