{"id":315367,"date":"2024-11-21T16:40:20","date_gmt":"2024-11-21T15:40:20","guid":{"rendered":"https:\/\/rwp.rizoma.com\/negozio\/lenkerspiegel-montagesatz-bs736\/"},"modified":"2025-04-30T22:24:36","modified_gmt":"2025-04-30T20:24:36","slug":"lenkerspiegel-montagesatz-bs736","status":"publish","type":"product","link":"https:\/\/www.rizoma.com\/de\/negozio\/spiegel\/BS736\/lenkerspiegel-montagesatz-bs736\/motorbike\/20270\/ducati\/multistrada-v4\/","title":{"rendered":"Lenkerspiegel Montagesatz"},"content":{"rendered":"<p>Jeder Spiegeladapter wurde eigens f\u00fcr das entsprechende Motorradmodell entwickelt, um eine bestm\u00f6gliche Befestigung am Lenker zu gew\u00e4hrleisten. Der mit der Linienf\u00fchrung des Spiegels harmonierende Adapter stellt die Designkontinuit\u00e4t sicher und vereint Funktionalit\u00e4t und Komfort bei gleichzeitiger Ber\u00fccksichtigung der \u00c4sthetik. Auch die Adapter sind f\u00fcr Robustheit und Langlebigkeit aus Aluminium gearbeitet.<\/p>\n","protected":false},"excerpt":{"rendered":"<p>Jeder Spiegeladapter wurde eigens f\u00fcr das entsprechende Motorradmodell entwickelt, um eine bestm\u00f6gliche Befestigung am Lenker zu gew\u00e4hrleisten. Der mit der Linienf\u00fchrung des Spiegels harmonierende Adapter stellt die Designkontinuit\u00e4t sicher und vereint Funktionalit\u00e4t und Komfort bei gleichzeitiger Ber\u00fccksichtigung der \u00c4sthetik. Auch die Adapter sind f\u00fcr Robustheit und Langlebigkeit aus Aluminium gearbeitet.<\/p>\n","protected":false},"featured_media":310041,"template":"","meta":{"_acf_changed":false},"rizoma_assembly_time":[42664],"rizoma_bike":[41888,42043,42067,41889,42069,42085,42143,42088,42086,42087,42213,44000,44001,44002,44003,44004,42402,43437,42403,43438,42308,42641,42310,42413,42642,42519,44013,42600,44019,42309,42643,42588],"rizoma_division":[42652],"rizoma_family":[42668],"rizoma_model_category":[],"rizoma_product_template":[],"product_brand":[],"product_cat":[42673],"product_tag":[],"class_list":{"0":"post-315367","1":"product","2":"type-product","3":"status-publish","4":"has-post-thumbnail","6":"rizoma_bike-multistrada-1200-abs-2015-17","7":"rizoma_bike-multistrada-1200-enduro-2016-18","8":"rizoma_bike-multistrada-1200-enduro-pro-2017-18","9":"rizoma_bike-multistrada-1200-s-2015-17","10":"rizoma_bike-multistrada-1200-s-d-air-2017-18","11":"rizoma_bike-multistrada-1260-2018-20","12":"rizoma_bike-multistrada-1260-enduro-2019-21","13":"rizoma_bike-multistrada-1260-pikes-peak-2018-20","14":"rizoma_bike-multistrada-1260-s-2018-20","15":"rizoma_bike-multistrada-1260-s-d-air-2018-20","16":"rizoma_bike-multistrada-1260-s-grand-tour-2020","17":"rizoma_bike-multistrada-950-2018","18":"rizoma_bike-multistrada-950-2019-20","19":"rizoma_bike-multistrada-950-2021","20":"rizoma_bike-multistrada-950-s-2019-20","21":"rizoma_bike-multistrada-950-s-2021","22":"rizoma_bike-multistrada-v2-2022-24","23":"rizoma_bike-multistrada-v2-2025-26","24":"rizoma_bike-multistrada-v2-s-2022-24","25":"rizoma_bike-multistrada-v2-s-2025-26","26":"rizoma_bike-multistrada-v4-2021-24","27":"rizoma_bike-multistrada-v4-2025-26","28":"rizoma_bike-multistrada-v4-1100-s-sport-2021","29":"rizoma_bike-multistrada-v4-pikes-peak-2021-24","30":"rizoma_bike-multistrada-v4-pikes-peak-2025-26","31":"rizoma_bike-multistrada-v4-rally-2023-25","32":"rizoma_bike-multistrada-v4-rally-2026","33":"rizoma_bike-multistrada-v4-rs-2024-25","34":"rizoma_bike-multistrada-v4-rs-2026","35":"rizoma_bike-multistrada-v4-s-2021-24","36":"rizoma_bike-multistrada-v4-s-2025-26","37":"rizoma_bike-multistrada-v4-s-grand-tour-2024","38":"product_cat-spiegel","40":"first","41":"instock","42":"taxable","43":"shipping-taxable","44":"purchasable","45":"product-type-variable"},"acf":[],"_links":{"self":[{"href":"https:\/\/www.rizoma.com\/de\/wp-json\/wp\/v2\/product\/315367","targetHints":{"allow":["GET"]}}],"collection":[{"href":"https:\/\/www.rizoma.com\/de\/wp-json\/wp\/v2\/product"}],"about":[{"href":"https:\/\/www.rizoma.com\/de\/wp-json\/wp\/v2\/types\/product"}],"wp:featuredmedia":[{"embeddable":true,"href":"https:\/\/www.rizoma.com\/de\/wp-json\/wp\/v2\/media\/310041"}],"wp:attachment":[{"href":"https:\/\/www.rizoma.com\/de\/wp-json\/wp\/v2\/media?parent=315367"}],"wp:term":[{"taxonomy":"rizoma_assembly_time","embeddable":true,"href":"https:\/\/www.rizoma.com\/de\/wp-json\/wp\/v2\/rizoma_assembly_time?post=315367"},{"taxonomy":"rizoma_bike","embeddable":true,"href":"https:\/\/www.rizoma.com\/de\/wp-json\/wp\/v2\/rizoma_bike?post=315367"},{"taxonomy":"rizoma_division","embeddable":true,"href":"https:\/\/www.rizoma.com\/de\/wp-json\/wp\/v2\/rizoma_division?post=315367"},{"taxonomy":"rizoma_family","embeddable":true,"href":"https:\/\/www.rizoma.com\/de\/wp-json\/wp\/v2\/rizoma_family?post=315367"},{"taxonomy":"rizoma_model_category","embeddable":true,"href":"https:\/\/www.rizoma.com\/de\/wp-json\/wp\/v2\/rizoma_model_category?post=315367"},{"taxonomy":"rizoma_product_template","embeddable":true,"href":"https:\/\/www.rizoma.com\/de\/wp-json\/wp\/v2\/rizoma_product_template?post=315367"},{"taxonomy":"product_brand","embeddable":true,"href":"https:\/\/www.rizoma.com\/de\/wp-json\/wp\/v2\/product_brand?post=315367"},{"taxonomy":"product_cat","embeddable":true,"href":"https:\/\/www.rizoma.com\/de\/wp-json\/wp\/v2\/product_cat?post=315367"},{"taxonomy":"product_tag","embeddable":true,"href":"https:\/\/www.rizoma.com\/de\/wp-json\/wp\/v2\/product_tag?post=315367"}],"curies":[{"name":"wp","href":"https:\/\/api.w.org\/{rel}","templated":true}]}}