{"id":315337,"date":"2024-11-21T16:39:38","date_gmt":"2024-11-21T15:39:38","guid":{"rendered":"https:\/\/rwp.rizoma.com\/negozio\/one-per-harley-davidson-bs251\/"},"modified":"2025-01-14T10:56:08","modified_gmt":"2025-01-14T09:56:08","slug":"one-per-harley-davidson-bs251","status":"publish","type":"product","link":"https:\/\/www.rizoma.com\/de\/negozio\/spiegel\/BS251\/one-per-harley-davidson-bs251\/","title":{"rendered":"One per Harley-Davidson"},"content":{"rendered":"<p>Der zur G\u00e4nze aus Aluminium gearbeitete Spiegel One zeichnet sich durch eine einfache, wenn auch entschlossene rundliche Linie aus, die durch ihre hochwertige Verarbeitung die Qualit\u00e4t des Spiegels hervorhebt. Das klassisch angehauchte Design unterstreicht seinen Charakter perfekt. Die gro\u00dfe Spiegelfl\u00e4che des konvexen, blendfreien Spiegels mit E-Zulassung sorgt f\u00fcr optimale Sicht.<\/p>\n","protected":false},"excerpt":{"rendered":"<p>Der zur G\u00e4nze aus Aluminium gearbeitete Spiegel One zeichnet sich durch eine einfache, wenn auch entschlossene rundliche Linie aus, die durch ihre hochwertige Verarbeitung die Qualit\u00e4t des Spiegels hervorhebt. Das klassisch angehauchte Design unterstreicht seinen Charakter perfekt. Die gro\u00dfe Spiegelfl\u00e4che des konvexen, blendfreien Spiegels mit E-Zulassung sorgt f\u00fcr optimale Sicht.<\/p>\n","protected":false},"featured_media":298157,"template":"","meta":{"_acf_changed":false},"rizoma_assembly_time":[42675],"rizoma_bike":[43787,43808,43800,43796,43798,43811,43823,43788,43795,43781,43820,43812,43799,43785,43777,43817,43794,43803,43805,43802,43822,43792,43815,43784,43814,43801,43821,43779,43819,43782,43813,43790,43780,43791,43786,43793,43783,43789,43824,43778,43810,43806,43818,43797,43807,42264,43816,43804],"rizoma_division":[42652],"rizoma_family":[42976],"rizoma_model_category":[],"rizoma_product_template":[],"product_brand":[],"product_cat":[42673],"product_tag":[],"class_list":{"0":"post-315337","1":"product","2":"type-product","3":"status-publish","4":"has-post-thumbnail","6":"rizoma_bike-107-breakout-2018-19-fxbr","7":"rizoma_bike-107-fat-bob-2017-20-fxfb","8":"rizoma_bike-107-fat-boy-2017-20-flfb","9":"rizoma_bike-107-low-rider-2018-20-fxlr","10":"rizoma_bike-107-slim-2018-20-flsl","11":"rizoma_bike-107-street-bob-2018-20-fxbb","12":"rizoma_bike-1130-v-rod-2006-vrsca","13":"rizoma_bike-1130-v-rod-2007-vrscaw","14":"rizoma_bike-114-breakout-2018-20-fxbrs","15":"rizoma_bike-114-fat-bob-2018-20-fxfbs","16":"rizoma_bike-114-fat-boy-2018-20-flfbs","17":"rizoma_bike-114-fxdr-2019-20","18":"rizoma_bike-114-low-rider-s-2020-fxlrs","19":"rizoma_bike-1200-forty-eight-2016-20","20":"rizoma_bike-1200-xl-sportster-low-2007","21":"rizoma_bike-1200c-sportster-custom-2005-06","22":"rizoma_bike-1200c-sportster-custom-2007","23":"rizoma_bike-1200c-sportster-custom-2008-12","24":"rizoma_bike-1200l-xl-sportster-low-2005-06","25":"rizoma_bike-1200l-xl-sportster-low-2008-09","26":"rizoma_bike-1200n-sportster-nightster-xl-2008-12","27":"rizoma_bike-1250-v-rod-2008-12-vrscaw","28":"rizoma_bike-1584-street-bob-2008-15-fxdb","29":"rizoma_bike-1690-street-bob-special-2015-16-fxdb","30":"rizoma_bike-1690-wide-glide-2010-17-fxdwg","31":"rizoma_bike-1800-low-rider-s-2016-17-fxdls","32":"rizoma_bike-883-sportester-r-2007","33":"rizoma_bike-883-sportster-custom-2006","34":"rizoma_bike-883-sportster-r-2006","35":"rizoma_bike-883-sportster-xl-2006","36":"rizoma_bike-883-sportster-xl-2007","37":"rizoma_bike-883-sportster-xl-2008-09","38":"rizoma_bike-883c-sportster-custom-xl-2007","39":"rizoma_bike-883c-sportster-custom-xl-2008-12","40":"rizoma_bike-883l-sportster-low-xl-2005","41":"rizoma_bike-883l-sportster-low-xl-2006","42":"rizoma_bike-883l-sportster-low-xl-2007","43":"rizoma_bike-883l-sportster-low-xl-2008-12","44":"rizoma_bike-883r-sportster-xl-2008-16","45":"rizoma_bike-breakout-2013-17","46":"rizoma_bike-low-rider-s-2022-24","47":"rizoma_bike-low-rider-st-2022-24","48":"rizoma_bike-night-rod-special-2006-vrscdx","49":"rizoma_bike-night-rod-special-2007-vrscdx","50":"rizoma_bike-night-rod-special-2008-16-vrscdx","51":"rizoma_bike-r-18-2020-24","52":"rizoma_bike-softail-slim-2011-17-fls","53":"rizoma_bike-vrscx-2007","54":"product_cat-spiegel","56":"first","57":"instock","58":"taxable","59":"shipping-taxable","60":"purchasable","61":"product-type-variable"},"acf":[],"_links":{"self":[{"href":"https:\/\/www.rizoma.com\/de\/wp-json\/wp\/v2\/product\/315337","targetHints":{"allow":["GET"]}}],"collection":[{"href":"https:\/\/www.rizoma.com\/de\/wp-json\/wp\/v2\/product"}],"about":[{"href":"https:\/\/www.rizoma.com\/de\/wp-json\/wp\/v2\/types\/product"}],"wp:featuredmedia":[{"embeddable":true,"href":"https:\/\/www.rizoma.com\/de\/wp-json\/wp\/v2\/media\/298157"}],"wp:attachment":[{"href":"https:\/\/www.rizoma.com\/de\/wp-json\/wp\/v2\/media?parent=315337"}],"wp:term":[{"taxonomy":"rizoma_assembly_time","embeddable":true,"href":"https:\/\/www.rizoma.com\/de\/wp-json\/wp\/v2\/rizoma_assembly_time?post=315337"},{"taxonomy":"rizoma_bike","embeddable":true,"href":"https:\/\/www.rizoma.com\/de\/wp-json\/wp\/v2\/rizoma_bike?post=315337"},{"taxonomy":"rizoma_division","embeddable":true,"href":"https:\/\/www.rizoma.com\/de\/wp-json\/wp\/v2\/rizoma_division?post=315337"},{"taxonomy":"rizoma_family","embeddable":true,"href":"https:\/\/www.rizoma.com\/de\/wp-json\/wp\/v2\/rizoma_family?post=315337"},{"taxonomy":"rizoma_model_category","embeddable":true,"href":"https:\/\/www.rizoma.com\/de\/wp-json\/wp\/v2\/rizoma_model_category?post=315337"},{"taxonomy":"rizoma_product_template","embeddable":true,"href":"https:\/\/www.rizoma.com\/de\/wp-json\/wp\/v2\/rizoma_product_template?post=315337"},{"taxonomy":"product_brand","embeddable":true,"href":"https:\/\/www.rizoma.com\/de\/wp-json\/wp\/v2\/product_brand?post=315337"},{"taxonomy":"product_cat","embeddable":true,"href":"https:\/\/www.rizoma.com\/de\/wp-json\/wp\/v2\/product_cat?post=315337"},{"taxonomy":"product_tag","embeddable":true,"href":"https:\/\/www.rizoma.com\/de\/wp-json\/wp\/v2\/product_tag?post=315337"}],"curies":[{"name":"wp","href":"https:\/\/api.w.org\/{rel}","templated":true}]}}