{"id":315227,"date":"2024-11-21T16:37:12","date_gmt":"2024-11-21T15:37:12","guid":{"rendered":"https:\/\/rwp.rizoma.com\/negozio\/montagesatz-fur-rizoma-blinker-hinten-fr421\/"},"modified":"2025-04-05T23:02:55","modified_gmt":"2025-04-05T21:02:55","slug":"montagesatz-fur-rizoma-blinker-hinten-fr421","status":"publish","type":"product","link":"https:\/\/www.rizoma.com\/de\/negozio\/blinker\/FR421\/montagesatz-fur-rizoma-blinker-hinten-fr421\/","title":{"rendered":"Montagesatz f\u00fcr Rizoma-Blinker hinten"},"content":{"rendered":"<p>Adapter f\u00fcr Rizoma-Blinker f\u00fcr den Rizoma-Kennzeichentr\u00e4ger PT526B. Jeder Adapter wurde eigens f\u00fcr das entsprechende Motorradmodell entwickelt, um eine bestm\u00f6gliche Befestigung zu gew\u00e4hrleisten.<\/p>\n","protected":false},"excerpt":{"rendered":"<p>Adapter f\u00fcr Rizoma-Blinker f\u00fcr den Rizoma-Kennzeichentr\u00e4ger PT526B. Jeder Adapter wurde eigens f\u00fcr das entsprechende Motorradmodell entwickelt, um eine bestm\u00f6gliche Befestigung zu gew\u00e4hrleisten.<\/p>\n","protected":false},"featured_media":295742,"template":"","meta":{"_acf_changed":false},"rizoma_assembly_time":[42664],"rizoma_bike":[42136,42293,42137,42294,41944],"rizoma_division":[42652],"rizoma_family":[42710],"rizoma_model_category":[],"rizoma_product_template":[],"product_brand":[],"product_cat":[42715],"product_tag":[],"class_list":{"0":"post-315227","1":"product","2":"type-product","3":"status-publish","4":"has-post-thumbnail","6":"rizoma_bike-ftr-1200-2019-20","7":"rizoma_bike-ftr-1200-2021-25","8":"rizoma_bike-ftr-1200-s-2019-20","9":"rizoma_bike-ftr-1200-s-2021-22","10":"rizoma_bike-scrambler-400-sixty-2-2016-21","11":"product_cat-blinker","13":"first","14":"instock","15":"taxable","16":"shipping-taxable","17":"purchasable","18":"product-type-variable"},"acf":[],"_links":{"self":[{"href":"https:\/\/www.rizoma.com\/de\/wp-json\/wp\/v2\/product\/315227","targetHints":{"allow":["GET"]}}],"collection":[{"href":"https:\/\/www.rizoma.com\/de\/wp-json\/wp\/v2\/product"}],"about":[{"href":"https:\/\/www.rizoma.com\/de\/wp-json\/wp\/v2\/types\/product"}],"wp:featuredmedia":[{"embeddable":true,"href":"https:\/\/www.rizoma.com\/de\/wp-json\/wp\/v2\/media\/295742"}],"wp:attachment":[{"href":"https:\/\/www.rizoma.com\/de\/wp-json\/wp\/v2\/media?parent=315227"}],"wp:term":[{"taxonomy":"rizoma_assembly_time","embeddable":true,"href":"https:\/\/www.rizoma.com\/de\/wp-json\/wp\/v2\/rizoma_assembly_time?post=315227"},{"taxonomy":"rizoma_bike","embeddable":true,"href":"https:\/\/www.rizoma.com\/de\/wp-json\/wp\/v2\/rizoma_bike?post=315227"},{"taxonomy":"rizoma_division","embeddable":true,"href":"https:\/\/www.rizoma.com\/de\/wp-json\/wp\/v2\/rizoma_division?post=315227"},{"taxonomy":"rizoma_family","embeddable":true,"href":"https:\/\/www.rizoma.com\/de\/wp-json\/wp\/v2\/rizoma_family?post=315227"},{"taxonomy":"rizoma_model_category","embeddable":true,"href":"https:\/\/www.rizoma.com\/de\/wp-json\/wp\/v2\/rizoma_model_category?post=315227"},{"taxonomy":"rizoma_product_template","embeddable":true,"href":"https:\/\/www.rizoma.com\/de\/wp-json\/wp\/v2\/rizoma_product_template?post=315227"},{"taxonomy":"product_brand","embeddable":true,"href":"https:\/\/www.rizoma.com\/de\/wp-json\/wp\/v2\/product_brand?post=315227"},{"taxonomy":"product_cat","embeddable":true,"href":"https:\/\/www.rizoma.com\/de\/wp-json\/wp\/v2\/product_cat?post=315227"},{"taxonomy":"product_tag","embeddable":true,"href":"https:\/\/www.rizoma.com\/de\/wp-json\/wp\/v2\/product_tag?post=315227"}],"curies":[{"name":"wp","href":"https:\/\/api.w.org\/{rel}","templated":true}]}}