{"id":315177,"date":"2024-11-21T16:36:05","date_gmt":"2024-11-21T15:36:05","guid":{"rendered":"https:\/\/rwp.rizoma.com\/negozio\/spiegelmontagesatz-motorrad-verkleidung-und-abdeckung-oem-lenkeraufnahme-bs725\/"},"modified":"2025-01-14T11:11:16","modified_gmt":"2025-01-14T10:11:16","slug":"spiegelmontagesatz-motorrad-verkleidung-und-abdeckung-oem-lenkeraufnahme-bs725","status":"publish","type":"product","link":"https:\/\/www.rizoma.com\/de\/negozio\/spiegel\/BS725\/spiegelmontagesatz-motorrad-verkleidung-und-abdeckung-oem-lenkeraufnahme-bs725\/","title":{"rendered":"SpiegelMontagesatz Motorrad-Verkleidung und Abdeckung OEM Lenkeraufnahme"},"content":{"rendered":"<p>Der Rizoma BS725B Montagesatz wurde mit einer Doppelfunktion entwickelt: Als Montagesatz f\u00fcr Rizoma Sport Mount Spiegel in OEM-Position und als Abdeckung f\u00fcr den Fall, dass die Verkleidungsspiegel entfernt werden und man sich f\u00fcr eine Lenkerendenspiegel L\u00f6sung entscheiden sollte. Dieser Montagesatz hat eine innenliegende Kabelf\u00fchrung, so ist die Montage unserer Spiegel mit integriertem Blinker m\u00f6glich. Jeder Spiegeladapter wurde eigens f\u00fcr das entsprechende Motorradmodell entwickelt, um eine bestm\u00f6gliche Befestigung an der Verkleidung zu gew\u00e4hrleisten. Der mit der Linienf\u00fchrung des Spiegels harmonierende Adapter stellt die Designkontinuit\u00e4t sicher und vereint Funktionalit\u00e4t und Komfort bei gleichzeitiger Ber\u00fccksichtigung der \u00c4sthetik. Auch die Adapter sind f\u00fcr Robustheit und Langlebigkeit aus Aluminium gearbeitet.<\/p>\n","protected":false},"excerpt":{"rendered":"<p>Der Rizoma BS725B Montagesatz wurde mit einer Doppelfunktion entwickelt: Als Montagesatz f\u00fcr Rizoma Sport Mount Spiegel in OEM-Position und als Abdeckung f\u00fcr den Fall, dass die Verkleidungsspiegel entfernt werden und man sich f\u00fcr eine Lenkerendenspiegel L\u00f6sung entscheiden sollte. Dieser Montagesatz hat eine innenliegende Kabelf\u00fchrung, so ist die Montage unserer Spiegel mit integriertem Blinker m\u00f6glich. Jeder [&hellip;]<\/p>\n","protected":false},"featured_media":297387,"template":"","meta":{"_acf_changed":false},"rizoma_assembly_time":[42664],"rizoma_bike":[41915,41975,41965,41916,41976],"rizoma_division":[42652],"rizoma_family":[42668],"rizoma_model_category":[],"rizoma_product_template":[],"product_brand":[],"product_cat":[42673],"product_tag":[],"class_list":{"0":"post-315177","1":"product","2":"type-product","3":"status-publish","4":"has-post-thumbnail","6":"rizoma_bike-yzf-r1-2015-16","7":"rizoma_bike-yzf-r1-2017-19","8":"rizoma_bike-yzf-r1-60th-anniversary-2015-16","9":"rizoma_bike-yzf-r1-m-2015-16","10":"rizoma_bike-yzf-r1-m-2017-19","11":"product_cat-spiegel","13":"first","14":"instock","15":"taxable","16":"shipping-taxable","17":"purchasable","18":"product-type-variable"},"acf":[],"_links":{"self":[{"href":"https:\/\/www.rizoma.com\/de\/wp-json\/wp\/v2\/product\/315177","targetHints":{"allow":["GET"]}}],"collection":[{"href":"https:\/\/www.rizoma.com\/de\/wp-json\/wp\/v2\/product"}],"about":[{"href":"https:\/\/www.rizoma.com\/de\/wp-json\/wp\/v2\/types\/product"}],"wp:featuredmedia":[{"embeddable":true,"href":"https:\/\/www.rizoma.com\/de\/wp-json\/wp\/v2\/media\/297387"}],"wp:attachment":[{"href":"https:\/\/www.rizoma.com\/de\/wp-json\/wp\/v2\/media?parent=315177"}],"wp:term":[{"taxonomy":"rizoma_assembly_time","embeddable":true,"href":"https:\/\/www.rizoma.com\/de\/wp-json\/wp\/v2\/rizoma_assembly_time?post=315177"},{"taxonomy":"rizoma_bike","embeddable":true,"href":"https:\/\/www.rizoma.com\/de\/wp-json\/wp\/v2\/rizoma_bike?post=315177"},{"taxonomy":"rizoma_division","embeddable":true,"href":"https:\/\/www.rizoma.com\/de\/wp-json\/wp\/v2\/rizoma_division?post=315177"},{"taxonomy":"rizoma_family","embeddable":true,"href":"https:\/\/www.rizoma.com\/de\/wp-json\/wp\/v2\/rizoma_family?post=315177"},{"taxonomy":"rizoma_model_category","embeddable":true,"href":"https:\/\/www.rizoma.com\/de\/wp-json\/wp\/v2\/rizoma_model_category?post=315177"},{"taxonomy":"rizoma_product_template","embeddable":true,"href":"https:\/\/www.rizoma.com\/de\/wp-json\/wp\/v2\/rizoma_product_template?post=315177"},{"taxonomy":"product_brand","embeddable":true,"href":"https:\/\/www.rizoma.com\/de\/wp-json\/wp\/v2\/product_brand?post=315177"},{"taxonomy":"product_cat","embeddable":true,"href":"https:\/\/www.rizoma.com\/de\/wp-json\/wp\/v2\/product_cat?post=315177"},{"taxonomy":"product_tag","embeddable":true,"href":"https:\/\/www.rizoma.com\/de\/wp-json\/wp\/v2\/product_tag?post=315177"}],"curies":[{"name":"wp","href":"https:\/\/api.w.org\/{rel}","templated":true}]}}