{"id":315122,"date":"2024-11-21T16:34:58","date_gmt":"2024-11-21T15:34:58","guid":{"rendered":"https:\/\/rwp.rizoma.com\/negozio\/windschild-zhd091\/"},"modified":"2025-01-14T11:57:21","modified_gmt":"2025-01-14T10:57:21","slug":"windschild-zhd091","status":"publish","type":"product","link":"https:\/\/www.rizoma.com\/de\/negozio\/windschilde\/ZHD091\/windschild-zhd091\/","title":{"rendered":"Windschild"},"content":{"rendered":"<p>Ein starke Pers\u00f6nlichkeit und elegante Linien in einer souver\u00e4nen Kombination. Das aus geb\u00fcrstetem und eloxiertem Aluminium-Tiefziehblech gefertigte Rizoma-Windschild (ca. 0,280 kg) und mit einem Sichtfenster aus Polycarbonat ausgestattet, das den Blick auf die darunter liegende Instrumententafel freigibt, ist das beste Beispiel f\u00fcr aerodynamische Effizienz und Stil, der seinesgleichen sucht.<\/p>\n","protected":false},"excerpt":{"rendered":"<p>Ein starke Pers\u00f6nlichkeit und elegante Linien in einer souver\u00e4nen Kombination. Das aus geb\u00fcrstetem und eloxiertem Aluminium-Tiefziehblech gefertigte Rizoma-Windschild (ca. 0,280 kg) und mit einem Sichtfenster aus Polycarbonat ausgestattet, das den Blick auf die darunter liegende Instrumententafel freigibt, ist das beste Beispiel f\u00fcr aerodynamische Effizienz und Stil, der seinesgleichen sucht.<\/p>\n","protected":false},"featured_media":294902,"template":"","meta":{"_acf_changed":false},"rizoma_assembly_time":[42675],"rizoma_bike":[43785],"rizoma_division":[42652],"rizoma_family":[],"rizoma_model_category":[],"rizoma_product_template":[],"product_brand":[],"product_cat":[42828],"product_tag":[],"class_list":{"0":"post-315122","1":"product","2":"type-product","3":"status-publish","4":"has-post-thumbnail","6":"rizoma_bike-1200-forty-eight-2016-20","7":"product_cat-windschilde","9":"first","10":"instock","11":"sale","12":"taxable","13":"shipping-taxable","14":"purchasable","15":"product-type-variable"},"acf":[],"_links":{"self":[{"href":"https:\/\/www.rizoma.com\/de\/wp-json\/wp\/v2\/product\/315122","targetHints":{"allow":["GET"]}}],"collection":[{"href":"https:\/\/www.rizoma.com\/de\/wp-json\/wp\/v2\/product"}],"about":[{"href":"https:\/\/www.rizoma.com\/de\/wp-json\/wp\/v2\/types\/product"}],"wp:featuredmedia":[{"embeddable":true,"href":"https:\/\/www.rizoma.com\/de\/wp-json\/wp\/v2\/media\/294902"}],"wp:attachment":[{"href":"https:\/\/www.rizoma.com\/de\/wp-json\/wp\/v2\/media?parent=315122"}],"wp:term":[{"taxonomy":"rizoma_assembly_time","embeddable":true,"href":"https:\/\/www.rizoma.com\/de\/wp-json\/wp\/v2\/rizoma_assembly_time?post=315122"},{"taxonomy":"rizoma_bike","embeddable":true,"href":"https:\/\/www.rizoma.com\/de\/wp-json\/wp\/v2\/rizoma_bike?post=315122"},{"taxonomy":"rizoma_division","embeddable":true,"href":"https:\/\/www.rizoma.com\/de\/wp-json\/wp\/v2\/rizoma_division?post=315122"},{"taxonomy":"rizoma_family","embeddable":true,"href":"https:\/\/www.rizoma.com\/de\/wp-json\/wp\/v2\/rizoma_family?post=315122"},{"taxonomy":"rizoma_model_category","embeddable":true,"href":"https:\/\/www.rizoma.com\/de\/wp-json\/wp\/v2\/rizoma_model_category?post=315122"},{"taxonomy":"rizoma_product_template","embeddable":true,"href":"https:\/\/www.rizoma.com\/de\/wp-json\/wp\/v2\/rizoma_product_template?post=315122"},{"taxonomy":"product_brand","embeddable":true,"href":"https:\/\/www.rizoma.com\/de\/wp-json\/wp\/v2\/product_brand?post=315122"},{"taxonomy":"product_cat","embeddable":true,"href":"https:\/\/www.rizoma.com\/de\/wp-json\/wp\/v2\/product_cat?post=315122"},{"taxonomy":"product_tag","embeddable":true,"href":"https:\/\/www.rizoma.com\/de\/wp-json\/wp\/v2\/product_tag?post=315122"}],"curies":[{"name":"wp","href":"https:\/\/api.w.org\/{rel}","templated":true}]}}