{"id":315117,"date":"2024-11-21T16:34:52","date_gmt":"2024-11-21T15:34:52","guid":{"rendered":"https:\/\/rwp.rizoma.com\/negozio\/montagesatz-fur-oem-blinker-fur-den-kennzeichentrager-fox-fr427\/"},"modified":"2026-03-09T12:06:55","modified_gmt":"2026-03-09T11:06:55","slug":"montagesatz-fur-oem-blinker-fur-den-kennzeichentrager-fox-fr427","status":"publish","type":"product","link":"https:\/\/www.rizoma.com\/de\/negozio\/blinker\/FR427\/montagesatz-fur-oem-blinker-fur-den-kennzeichentrager-fox-fr427\/","title":{"rendered":"Montagesatz f\u00fcr OEM-Blinker f\u00fcr den Kennzeichentr\u00e4ger Fox"},"content":{"rendered":"<p>Adapter f\u00fcr OEM-Blinker f\u00fcr den Rizoma-Kennzeichentr\u00e4ger Fox. Jeder Adapter wurde eigens f\u00fcr das entsprechende Motorradmodell entwickelt, um eine bestm\u00f6gliche Befestigung zu gew\u00e4hrleisten. Diese Adapter sind aus lackiertem Edelstahl gefertigt.<\/p>\n","protected":false},"excerpt":{"rendered":"<p>Adapter f\u00fcr OEM-Blinker f\u00fcr den Rizoma-Kennzeichentr\u00e4ger Fox. Jeder Adapter wurde eigens f\u00fcr das entsprechende Motorradmodell entwickelt, um eine bestm\u00f6gliche Befestigung zu gew\u00e4hrleisten. Diese Adapter sind aus lackiertem Edelstahl gefertigt.<\/p>\n","protected":false},"featured_media":295752,"template":"","meta":{"_acf_changed":false},"rizoma_assembly_time":[42753],"rizoma_bike":[43702,43703,42165,42315,43869,43870,42228,42483,43719,42229,42540,43720,42550,42373,43721,42166,42316,42630,42645,42300,43871,42506,42590,42507,42509,42414,42416,42018,42112,42323,42484,43872,43873,42510,42417,42418,42119,43874,44012,43875,42068,42113],"rizoma_division":[42652],"rizoma_family":[42710],"rizoma_model_category":[],"rizoma_product_template":[],"product_brand":[],"product_cat":[42715],"product_tag":[],"class_list":{"0":"post-315117","1":"product","2":"type-product","3":"status-publish","4":"has-post-thumbnail","6":"rizoma_bike-cb-1000-hornet-2025-26","7":"rizoma_bike-cb-1000-hornet-sp-2025-26","8":"rizoma_bike-cb-650-r-2019-20","9":"rizoma_bike-cb-650-r-2021-23","10":"rizoma_bike-cb-650-r-2024-25","11":"rizoma_bike-cb-650-r-e-clutch-2024-26","12":"rizoma_bike-cbr-1000-rr-r-fireblade-2020-21","13":"rizoma_bike-cbr-1000-rr-r-fireblade-2022-23","14":"rizoma_bike-cbr-1000-rr-r-fireblade-2024-26","15":"rizoma_bike-cbr-1000-rr-r-fireblade-sp-2020-21","16":"rizoma_bike-cbr-1000-rr-r-fireblade-sp-2022-23","17":"rizoma_bike-cbr-1000-rr-r-fireblade-sp-2024-26","18":"rizoma_bike-cbr-1000-rr-r-fireblade-sp-30th-anniversary-2022-23","19":"rizoma_bike-cbr-1000-rr-r-fireblade-sp-carbon-2021","20":"rizoma_bike-cbr-1000-rr-r-fireblade-sp-carbon-edition-2024-26","21":"rizoma_bike-cbr-650-r-2019-20","22":"rizoma_bike-cbr-650-r-2021-23","23":"rizoma_bike-cbr-650-r-2024-26","24":"rizoma_bike-cbr-650-r-e-clutch-2024-26","25":"rizoma_bike-forza-750-2021-22","26":"rizoma_bike-forza-750-2025-26","27":"rizoma_bike-forza-750-dct-2021-24","28":"rizoma_bike-forza-750-dct-special-edition-2024","29":"rizoma_bike-forza-750-dct-style-2021-24","30":"rizoma_bike-forza-750-dct-urban-2021-24","31":"rizoma_bike-forza-750-style-2021-22","32":"rizoma_bike-forza-750-urban-2021-22","33":"rizoma_bike-x-adv-750-2017","34":"rizoma_bike-x-adv-750-2018-20","35":"rizoma_bike-x-adv-750-2021","36":"rizoma_bike-x-adv-750-2022","37":"rizoma_bike-x-adv-750-2025-26","38":"rizoma_bike-x-adv-750-adventure-2025-26","39":"rizoma_bike-x-adv-750-dct-2021-24","40":"rizoma_bike-x-adv-750-dct-adventure-2021-24","41":"rizoma_bike-x-adv-750-dct-gravel-2021-24","42":"rizoma_bike-x-adv-750-desert-track-2018-20","43":"rizoma_bike-x-adv-750-gravel-2025-26","44":"rizoma_bike-x-adv-750-special-edition-2026","45":"rizoma_bike-x-adv-750-travel-2025-26","46":"rizoma_bike-x-adv-750-travel-edition-2017","47":"rizoma_bike-x-adv-750-travel-edition-2018-20","48":"product_cat-blinker","50":"first","51":"instock","52":"taxable","53":"shipping-taxable","54":"purchasable","55":"product-type-variable"},"acf":[],"_links":{"self":[{"href":"https:\/\/www.rizoma.com\/de\/wp-json\/wp\/v2\/product\/315117","targetHints":{"allow":["GET"]}}],"collection":[{"href":"https:\/\/www.rizoma.com\/de\/wp-json\/wp\/v2\/product"}],"about":[{"href":"https:\/\/www.rizoma.com\/de\/wp-json\/wp\/v2\/types\/product"}],"wp:featuredmedia":[{"embeddable":true,"href":"https:\/\/www.rizoma.com\/de\/wp-json\/wp\/v2\/media\/295752"}],"wp:attachment":[{"href":"https:\/\/www.rizoma.com\/de\/wp-json\/wp\/v2\/media?parent=315117"}],"wp:term":[{"taxonomy":"rizoma_assembly_time","embeddable":true,"href":"https:\/\/www.rizoma.com\/de\/wp-json\/wp\/v2\/rizoma_assembly_time?post=315117"},{"taxonomy":"rizoma_bike","embeddable":true,"href":"https:\/\/www.rizoma.com\/de\/wp-json\/wp\/v2\/rizoma_bike?post=315117"},{"taxonomy":"rizoma_division","embeddable":true,"href":"https:\/\/www.rizoma.com\/de\/wp-json\/wp\/v2\/rizoma_division?post=315117"},{"taxonomy":"rizoma_family","embeddable":true,"href":"https:\/\/www.rizoma.com\/de\/wp-json\/wp\/v2\/rizoma_family?post=315117"},{"taxonomy":"rizoma_model_category","embeddable":true,"href":"https:\/\/www.rizoma.com\/de\/wp-json\/wp\/v2\/rizoma_model_category?post=315117"},{"taxonomy":"rizoma_product_template","embeddable":true,"href":"https:\/\/www.rizoma.com\/de\/wp-json\/wp\/v2\/rizoma_product_template?post=315117"},{"taxonomy":"product_brand","embeddable":true,"href":"https:\/\/www.rizoma.com\/de\/wp-json\/wp\/v2\/product_brand?post=315117"},{"taxonomy":"product_cat","embeddable":true,"href":"https:\/\/www.rizoma.com\/de\/wp-json\/wp\/v2\/product_cat?post=315117"},{"taxonomy":"product_tag","embeddable":true,"href":"https:\/\/www.rizoma.com\/de\/wp-json\/wp\/v2\/product_tag?post=315117"}],"curies":[{"name":"wp","href":"https:\/\/api.w.org\/{rel}","templated":true}]}}