{"id":315062,"date":"2024-11-21T16:33:43","date_gmt":"2024-11-21T15:33:43","guid":{"rendered":"https:\/\/rwp.rizoma.com\/negozio\/hinterer-blinker-montagesatz-fr301\/"},"modified":"2025-01-14T11:55:36","modified_gmt":"2025-01-14T10:55:36","slug":"hinterer-blinker-montagesatz-fr301","status":"publish","type":"product","link":"https:\/\/www.rizoma.com\/de\/negozio\/blinker\/FR301\/hinterer-blinker-montagesatz-fr301\/","title":{"rendered":"Hinterer blinker montagesatz"},"content":{"rendered":"<p>Das Montageset FR301 erm\u00f6glicht die Anbringung der Rizoma Blinker am OEM R\u00fccklicht und stellt die gesetzlich<br \/>vorgeschriebenen Abst\u00e4nde sicher, ohne den Kennzeichentr\u00e4ger zu besch\u00e4digen. Hergestellt aus einer Leichtmetall \/ Stahl-Kombination.<\/p>\n","protected":false},"excerpt":{"rendered":"<p>Das Montageset FR301 erm\u00f6glicht die Anbringung der Rizoma Blinker am OEM R\u00fccklicht und stellt die gesetzlichvorgeschriebenen Abst\u00e4nde sicher, ohne den Kennzeichentr\u00e4ger zu besch\u00e4digen. Hergestellt aus einer Leichtmetall \/ Stahl-Kombination.<\/p>\n","protected":false},"featured_media":297357,"template":"","meta":{"_acf_changed":false},"rizoma_assembly_time":[42664],"rizoma_bike":[44421,42026,42114,42122,42105,42106,42012,42013,42168,42189,42241,41778],"rizoma_division":[42652],"rizoma_family":[42710],"rizoma_model_category":[],"rizoma_product_template":[],"product_brand":[],"product_cat":[42715],"product_tag":[],"class_list":{"0":"post-315062","1":"product","2":"type-product","3":"status-publish","4":"has-post-thumbnail","6":"rizoma_bike-v7-850-stone-special-abs-2021","7":"rizoma_bike-v7-iii-anniversario-2017-18","8":"rizoma_bike-v7-iii-carbon-2018-20","9":"rizoma_bike-v7-iii-limited-2018","10":"rizoma_bike-v7-iii-milano-2018-20","11":"rizoma_bike-v7-iii-rough-2018-20","12":"rizoma_bike-v7-iii-special-2017-20","13":"rizoma_bike-v7-iii-stone-2017-20","14":"rizoma_bike-v7-iii-stone-2019","15":"rizoma_bike-v7-iii-stone-night-pack-2019-20","16":"rizoma_bike-v7-iii-stone-s-2020","17":"rizoma_bike-v7-stone-2012-15","18":"product_cat-blinker","20":"first","21":"instock","22":"sale","23":"taxable","24":"shipping-taxable","25":"purchasable","26":"product-type-variable"},"acf":[],"_links":{"self":[{"href":"https:\/\/www.rizoma.com\/de\/wp-json\/wp\/v2\/product\/315062","targetHints":{"allow":["GET"]}}],"collection":[{"href":"https:\/\/www.rizoma.com\/de\/wp-json\/wp\/v2\/product"}],"about":[{"href":"https:\/\/www.rizoma.com\/de\/wp-json\/wp\/v2\/types\/product"}],"wp:featuredmedia":[{"embeddable":true,"href":"https:\/\/www.rizoma.com\/de\/wp-json\/wp\/v2\/media\/297357"}],"wp:attachment":[{"href":"https:\/\/www.rizoma.com\/de\/wp-json\/wp\/v2\/media?parent=315062"}],"wp:term":[{"taxonomy":"rizoma_assembly_time","embeddable":true,"href":"https:\/\/www.rizoma.com\/de\/wp-json\/wp\/v2\/rizoma_assembly_time?post=315062"},{"taxonomy":"rizoma_bike","embeddable":true,"href":"https:\/\/www.rizoma.com\/de\/wp-json\/wp\/v2\/rizoma_bike?post=315062"},{"taxonomy":"rizoma_division","embeddable":true,"href":"https:\/\/www.rizoma.com\/de\/wp-json\/wp\/v2\/rizoma_division?post=315062"},{"taxonomy":"rizoma_family","embeddable":true,"href":"https:\/\/www.rizoma.com\/de\/wp-json\/wp\/v2\/rizoma_family?post=315062"},{"taxonomy":"rizoma_model_category","embeddable":true,"href":"https:\/\/www.rizoma.com\/de\/wp-json\/wp\/v2\/rizoma_model_category?post=315062"},{"taxonomy":"rizoma_product_template","embeddable":true,"href":"https:\/\/www.rizoma.com\/de\/wp-json\/wp\/v2\/rizoma_product_template?post=315062"},{"taxonomy":"product_brand","embeddable":true,"href":"https:\/\/www.rizoma.com\/de\/wp-json\/wp\/v2\/product_brand?post=315062"},{"taxonomy":"product_cat","embeddable":true,"href":"https:\/\/www.rizoma.com\/de\/wp-json\/wp\/v2\/product_cat?post=315062"},{"taxonomy":"product_tag","embeddable":true,"href":"https:\/\/www.rizoma.com\/de\/wp-json\/wp\/v2\/product_tag?post=315062"}],"curies":[{"name":"wp","href":"https:\/\/api.w.org\/{rel}","templated":true}]}}