{"id":314967,"date":"2024-11-21T16:31:41","date_gmt":"2024-11-21T15:31:41","guid":{"rendered":"https:\/\/rwp.rizoma.com\/negozio\/luftfilterabdeckung-zhd130\/"},"modified":"2025-12-18T00:39:12","modified_gmt":"2025-12-17T23:39:12","slug":"luftfilterabdeckung-zhd130","status":"publish","type":"product","link":"https:\/\/www.rizoma.com\/de\/negozio\/mehr-fur-ihre-harley-davidson\/ZHD130\/luftfilterabdeckung-zhd130\/","title":{"rendered":"Luftfilterabdeckung"},"content":{"rendered":"<p>Ein schwerer Aluminiumblock bildet den Ausgangspunkt f\u00fcr ein Teil, das nach Fertigstellung gerade einmal 0,155 kg auf die Waage bringt. <br \/>Der Rizoma-Luftfilterabdeckung wird zur G\u00e4nze aus Mattschwarz eloxiertem Aluminium gearbeitet f\u00fcr ein edles Oberfl\u00e4chen-Finish und eine langlebigere Optik, Harmoniert perfekt mit den anderen Produkten der FXDR-Linie.<\/p>\n","protected":false},"excerpt":{"rendered":"<p>Ein schwerer Aluminiumblock bildet den Ausgangspunkt f\u00fcr ein Teil, das nach Fertigstellung gerade einmal 0,155 kg auf die Waage bringt. Der Rizoma-Luftfilterabdeckung wird zur G\u00e4nze aus Mattschwarz eloxiertem Aluminium gearbeitet f\u00fcr ein edles Oberfl\u00e4chen-Finish und eine langlebigere Optik, Harmoniert perfekt mit den anderen Produkten der FXDR-Linie.<\/p>\n","protected":false},"featured_media":294932,"template":"","meta":{"_acf_changed":false},"rizoma_assembly_time":[42664],"rizoma_bike":[43812],"rizoma_division":[42652],"rizoma_family":[],"rizoma_model_category":[],"rizoma_product_template":[],"product_brand":[],"product_cat":[42787],"product_tag":[],"class_list":{"0":"post-314967","1":"product","2":"type-product","3":"status-publish","4":"has-post-thumbnail","6":"rizoma_bike-114-fxdr-2019-20","7":"product_cat-mehr-fur-ihre-harley-davidson","9":"first","10":"instock","11":"sale","12":"taxable","13":"shipping-taxable","14":"purchasable","15":"product-type-variable"},"acf":[],"_links":{"self":[{"href":"https:\/\/www.rizoma.com\/de\/wp-json\/wp\/v2\/product\/314967","targetHints":{"allow":["GET"]}}],"collection":[{"href":"https:\/\/www.rizoma.com\/de\/wp-json\/wp\/v2\/product"}],"about":[{"href":"https:\/\/www.rizoma.com\/de\/wp-json\/wp\/v2\/types\/product"}],"wp:featuredmedia":[{"embeddable":true,"href":"https:\/\/www.rizoma.com\/de\/wp-json\/wp\/v2\/media\/294932"}],"wp:attachment":[{"href":"https:\/\/www.rizoma.com\/de\/wp-json\/wp\/v2\/media?parent=314967"}],"wp:term":[{"taxonomy":"rizoma_assembly_time","embeddable":true,"href":"https:\/\/www.rizoma.com\/de\/wp-json\/wp\/v2\/rizoma_assembly_time?post=314967"},{"taxonomy":"rizoma_bike","embeddable":true,"href":"https:\/\/www.rizoma.com\/de\/wp-json\/wp\/v2\/rizoma_bike?post=314967"},{"taxonomy":"rizoma_division","embeddable":true,"href":"https:\/\/www.rizoma.com\/de\/wp-json\/wp\/v2\/rizoma_division?post=314967"},{"taxonomy":"rizoma_family","embeddable":true,"href":"https:\/\/www.rizoma.com\/de\/wp-json\/wp\/v2\/rizoma_family?post=314967"},{"taxonomy":"rizoma_model_category","embeddable":true,"href":"https:\/\/www.rizoma.com\/de\/wp-json\/wp\/v2\/rizoma_model_category?post=314967"},{"taxonomy":"rizoma_product_template","embeddable":true,"href":"https:\/\/www.rizoma.com\/de\/wp-json\/wp\/v2\/rizoma_product_template?post=314967"},{"taxonomy":"product_brand","embeddable":true,"href":"https:\/\/www.rizoma.com\/de\/wp-json\/wp\/v2\/product_brand?post=314967"},{"taxonomy":"product_cat","embeddable":true,"href":"https:\/\/www.rizoma.com\/de\/wp-json\/wp\/v2\/product_cat?post=314967"},{"taxonomy":"product_tag","embeddable":true,"href":"https:\/\/www.rizoma.com\/de\/wp-json\/wp\/v2\/product_tag?post=314967"}],"curies":[{"name":"wp","href":"https:\/\/api.w.org\/{rel}","templated":true}]}}