{"id":314952,"date":"2024-11-21T16:31:23","date_gmt":"2024-11-21T15:31:23","guid":{"rendered":"https:\/\/rwp.rizoma.com\/negozio\/vorderer-kotflugel-zhd136\/"},"modified":"2025-05-29T04:10:15","modified_gmt":"2025-05-29T02:10:15","slug":"vorderer-kotflugel-zhd136","status":"publish","type":"product","link":"https:\/\/www.rizoma.com\/de\/negozio\/kotflugel\/ZHD136\/vorderer-kotflugel-zhd136\/motorbike\/7741\/ducati\/hyperstrada-821\/","title":{"rendered":"Vorderer Kotfl\u00fcgel"},"content":{"rendered":"<p>Der Kotfl\u00fcgel vorn ist aus geb\u00fcrstetem und eloxiertem Aluminium-Tiefziehblech gefertigt und sorgt f\u00fcr ein harmonisches Frontprofil. Kit mit Montageb\u00fcgeln.<\/p>\n","protected":false},"excerpt":{"rendered":"<p>Der Kotfl\u00fcgel vorn ist aus geb\u00fcrstetem und eloxiertem Aluminium-Tiefziehblech gefertigt und sorgt f\u00fcr ein harmonisches Frontprofil. Kit mit Montageb\u00fcgeln.<\/p>\n","protected":false},"featured_media":294947,"template":"","meta":{"_acf_changed":false},"rizoma_assembly_time":[42664],"rizoma_bike":[43812],"rizoma_division":[42652],"rizoma_family":[],"rizoma_model_category":[],"rizoma_product_template":[],"product_brand":[],"product_cat":[42874],"product_tag":[],"class_list":{"0":"post-314952","1":"product","2":"type-product","3":"status-publish","4":"has-post-thumbnail","6":"rizoma_bike-114-fxdr-2019-20","7":"product_cat-kotflugel","9":"first","10":"instock","11":"sale","12":"taxable","13":"shipping-taxable","14":"purchasable","15":"product-type-variable"},"acf":[],"_links":{"self":[{"href":"https:\/\/www.rizoma.com\/de\/wp-json\/wp\/v2\/product\/314952","targetHints":{"allow":["GET"]}}],"collection":[{"href":"https:\/\/www.rizoma.com\/de\/wp-json\/wp\/v2\/product"}],"about":[{"href":"https:\/\/www.rizoma.com\/de\/wp-json\/wp\/v2\/types\/product"}],"wp:featuredmedia":[{"embeddable":true,"href":"https:\/\/www.rizoma.com\/de\/wp-json\/wp\/v2\/media\/294947"}],"wp:attachment":[{"href":"https:\/\/www.rizoma.com\/de\/wp-json\/wp\/v2\/media?parent=314952"}],"wp:term":[{"taxonomy":"rizoma_assembly_time","embeddable":true,"href":"https:\/\/www.rizoma.com\/de\/wp-json\/wp\/v2\/rizoma_assembly_time?post=314952"},{"taxonomy":"rizoma_bike","embeddable":true,"href":"https:\/\/www.rizoma.com\/de\/wp-json\/wp\/v2\/rizoma_bike?post=314952"},{"taxonomy":"rizoma_division","embeddable":true,"href":"https:\/\/www.rizoma.com\/de\/wp-json\/wp\/v2\/rizoma_division?post=314952"},{"taxonomy":"rizoma_family","embeddable":true,"href":"https:\/\/www.rizoma.com\/de\/wp-json\/wp\/v2\/rizoma_family?post=314952"},{"taxonomy":"rizoma_model_category","embeddable":true,"href":"https:\/\/www.rizoma.com\/de\/wp-json\/wp\/v2\/rizoma_model_category?post=314952"},{"taxonomy":"rizoma_product_template","embeddable":true,"href":"https:\/\/www.rizoma.com\/de\/wp-json\/wp\/v2\/rizoma_product_template?post=314952"},{"taxonomy":"product_brand","embeddable":true,"href":"https:\/\/www.rizoma.com\/de\/wp-json\/wp\/v2\/product_brand?post=314952"},{"taxonomy":"product_cat","embeddable":true,"href":"https:\/\/www.rizoma.com\/de\/wp-json\/wp\/v2\/product_cat?post=314952"},{"taxonomy":"product_tag","embeddable":true,"href":"https:\/\/www.rizoma.com\/de\/wp-json\/wp\/v2\/product_tag?post=314952"}],"curies":[{"name":"wp","href":"https:\/\/api.w.org\/{rel}","templated":true}]}}