{"id":314902,"date":"2024-11-21T16:30:20","date_gmt":"2024-11-21T15:30:20","guid":{"rendered":"https:\/\/rwp.rizoma.com\/negozio\/lenkerspiegel-montagesatz-bs820\/"},"modified":"2025-12-18T00:37:30","modified_gmt":"2025-12-17T23:37:30","slug":"lenkerspiegel-montagesatz-bs820","status":"publish","type":"product","link":"https:\/\/www.rizoma.com\/de\/negozio\/spiegel\/BS820\/lenkerspiegel-montagesatz-bs820\/motorbike\/10000222\/vespa\/gts-310-super\/","title":{"rendered":"Lenkerspiegel Montagesatz"},"content":{"rendered":"<p>Mit dem universellen Spiegeladapter lassen sich Rizoma-Spiegel auf vielen Motorradmodellen montieren. Der mit der Linienf\u00fchrung der Spiegel harmonierende Adapter stellt die Designkontinuit\u00e4t sicher. Nichts ist dem Zufall \u00fcberlassen. Auch der Adapter ist f\u00fcr Robustheit und Langlebigkeit aus gedrehtem Stahl und Aluminium gearbeitet.<\/p>\n","protected":false},"excerpt":{"rendered":"<p>Mit dem universellen Spiegeladapter lassen sich Rizoma-Spiegel auf vielen Motorradmodellen montieren. Der mit der Linienf\u00fchrung der Spiegel harmonierende Adapter stellt die Designkontinuit\u00e4t sicher. Nichts ist dem Zufall \u00fcberlassen. Auch der Adapter ist f\u00fcr Robustheit und Langlebigkeit aus gedrehtem Stahl und Aluminium gearbeitet.<\/p>\n","protected":false},"featured_media":297562,"template":"","meta":{"_acf_changed":false},"rizoma_assembly_time":[42664],"rizoma_bike":[41817],"rizoma_division":[42652],"rizoma_family":[42668],"rizoma_model_category":[],"rizoma_product_template":[],"product_brand":[],"product_cat":[42673],"product_tag":[],"class_list":{"0":"post-314902","1":"product","2":"type-product","3":"status-publish","4":"has-post-thumbnail","6":"rizoma_bike-f-800-gs-adventure-2013-17","7":"product_cat-spiegel","9":"first","10":"instock","11":"sale","12":"taxable","13":"shipping-taxable","14":"purchasable","15":"product-type-variable"},"acf":[],"_links":{"self":[{"href":"https:\/\/www.rizoma.com\/de\/wp-json\/wp\/v2\/product\/314902","targetHints":{"allow":["GET"]}}],"collection":[{"href":"https:\/\/www.rizoma.com\/de\/wp-json\/wp\/v2\/product"}],"about":[{"href":"https:\/\/www.rizoma.com\/de\/wp-json\/wp\/v2\/types\/product"}],"wp:featuredmedia":[{"embeddable":true,"href":"https:\/\/www.rizoma.com\/de\/wp-json\/wp\/v2\/media\/297562"}],"wp:attachment":[{"href":"https:\/\/www.rizoma.com\/de\/wp-json\/wp\/v2\/media?parent=314902"}],"wp:term":[{"taxonomy":"rizoma_assembly_time","embeddable":true,"href":"https:\/\/www.rizoma.com\/de\/wp-json\/wp\/v2\/rizoma_assembly_time?post=314902"},{"taxonomy":"rizoma_bike","embeddable":true,"href":"https:\/\/www.rizoma.com\/de\/wp-json\/wp\/v2\/rizoma_bike?post=314902"},{"taxonomy":"rizoma_division","embeddable":true,"href":"https:\/\/www.rizoma.com\/de\/wp-json\/wp\/v2\/rizoma_division?post=314902"},{"taxonomy":"rizoma_family","embeddable":true,"href":"https:\/\/www.rizoma.com\/de\/wp-json\/wp\/v2\/rizoma_family?post=314902"},{"taxonomy":"rizoma_model_category","embeddable":true,"href":"https:\/\/www.rizoma.com\/de\/wp-json\/wp\/v2\/rizoma_model_category?post=314902"},{"taxonomy":"rizoma_product_template","embeddable":true,"href":"https:\/\/www.rizoma.com\/de\/wp-json\/wp\/v2\/rizoma_product_template?post=314902"},{"taxonomy":"product_brand","embeddable":true,"href":"https:\/\/www.rizoma.com\/de\/wp-json\/wp\/v2\/product_brand?post=314902"},{"taxonomy":"product_cat","embeddable":true,"href":"https:\/\/www.rizoma.com\/de\/wp-json\/wp\/v2\/product_cat?post=314902"},{"taxonomy":"product_tag","embeddable":true,"href":"https:\/\/www.rizoma.com\/de\/wp-json\/wp\/v2\/product_tag?post=314902"}],"curies":[{"name":"wp","href":"https:\/\/api.w.org\/{rel}","templated":true}]}}