{"id":314857,"date":"2024-11-21T16:29:22","date_gmt":"2024-11-21T15:29:22","guid":{"rendered":"https:\/\/rwp.rizoma.com\/negozio\/trittbretter-unten-zyf035\/"},"modified":"2025-01-14T11:34:32","modified_gmt":"2025-01-14T10:34:32","slug":"trittbretter-unten-zyf035","status":"publish","type":"product","link":"https:\/\/www.rizoma.com\/de\/negozio\/mehr-fur-ihre-yamaha\/ZYF035\/trittbretter-unten-zyf035\/","title":{"rendered":"Trittbretter unten"},"content":{"rendered":"<p>Die Trittbretter unten sind aus Aluminium gefertigt und f\u00fcr eine h\u00f6here Abriebbest\u00e4ndigkeit hochwertig eloxiert. Die rutschfesten Gummiprofile sorgen f\u00fcr optimalen Fahrkomfort auf Ihrer T-Max. Sicherheit und Komfort, ohne auf eine ansprechende Optik zu verzichten. Perfekter Look in Kombination mit den Trittbrettern vorne.<\/p>\n","protected":false},"excerpt":{"rendered":"<p>Die Trittbretter unten sind aus Aluminium gefertigt und f\u00fcr eine h\u00f6here Abriebbest\u00e4ndigkeit hochwertig eloxiert. Die rutschfesten Gummiprofile sorgen f\u00fcr optimalen Fahrkomfort auf Ihrer T-Max. Sicherheit und Komfort, ohne auf eine ansprechende Optik zu verzichten. Perfekter Look in Kombination mit den Trittbrettern vorne.<\/p>\n","protected":false},"featured_media":295252,"template":"","meta":{"_acf_changed":false},"rizoma_assembly_time":[42675],"rizoma_bike":[42023,42024,42025,42120,42225,42386,42226,42378],"rizoma_division":[42652],"rizoma_family":[],"rizoma_model_category":[],"rizoma_product_template":[],"product_brand":[],"product_cat":[42798],"product_tag":[],"class_list":{"0":"post-314857","1":"product","2":"type-product","3":"status-publish","4":"has-post-thumbnail","6":"rizoma_bike-t-max-530-2017-19","7":"rizoma_bike-t-max-530-dx-2017-19","8":"rizoma_bike-t-max-530-sx-2017-19","9":"rizoma_bike-t-max-530-sx-sport-edition-2018-19","10":"rizoma_bike-t-max-560-2020-21","11":"rizoma_bike-t-max-560-20-anniversario-2021","12":"rizoma_bike-t-max-560-tech-max-2020","13":"rizoma_bike-t-max-560-tech-max-2021","14":"product_cat-mehr-fur-ihre-yamaha","16":"first","17":"instock","18":"sale","19":"taxable","20":"shipping-taxable","21":"purchasable","22":"product-type-variable"},"acf":[],"_links":{"self":[{"href":"https:\/\/www.rizoma.com\/de\/wp-json\/wp\/v2\/product\/314857","targetHints":{"allow":["GET"]}}],"collection":[{"href":"https:\/\/www.rizoma.com\/de\/wp-json\/wp\/v2\/product"}],"about":[{"href":"https:\/\/www.rizoma.com\/de\/wp-json\/wp\/v2\/types\/product"}],"wp:featuredmedia":[{"embeddable":true,"href":"https:\/\/www.rizoma.com\/de\/wp-json\/wp\/v2\/media\/295252"}],"wp:attachment":[{"href":"https:\/\/www.rizoma.com\/de\/wp-json\/wp\/v2\/media?parent=314857"}],"wp:term":[{"taxonomy":"rizoma_assembly_time","embeddable":true,"href":"https:\/\/www.rizoma.com\/de\/wp-json\/wp\/v2\/rizoma_assembly_time?post=314857"},{"taxonomy":"rizoma_bike","embeddable":true,"href":"https:\/\/www.rizoma.com\/de\/wp-json\/wp\/v2\/rizoma_bike?post=314857"},{"taxonomy":"rizoma_division","embeddable":true,"href":"https:\/\/www.rizoma.com\/de\/wp-json\/wp\/v2\/rizoma_division?post=314857"},{"taxonomy":"rizoma_family","embeddable":true,"href":"https:\/\/www.rizoma.com\/de\/wp-json\/wp\/v2\/rizoma_family?post=314857"},{"taxonomy":"rizoma_model_category","embeddable":true,"href":"https:\/\/www.rizoma.com\/de\/wp-json\/wp\/v2\/rizoma_model_category?post=314857"},{"taxonomy":"rizoma_product_template","embeddable":true,"href":"https:\/\/www.rizoma.com\/de\/wp-json\/wp\/v2\/rizoma_product_template?post=314857"},{"taxonomy":"product_brand","embeddable":true,"href":"https:\/\/www.rizoma.com\/de\/wp-json\/wp\/v2\/product_brand?post=314857"},{"taxonomy":"product_cat","embeddable":true,"href":"https:\/\/www.rizoma.com\/de\/wp-json\/wp\/v2\/product_cat?post=314857"},{"taxonomy":"product_tag","embeddable":true,"href":"https:\/\/www.rizoma.com\/de\/wp-json\/wp\/v2\/product_tag?post=314857"}],"curies":[{"name":"wp","href":"https:\/\/api.w.org\/{rel}","templated":true}]}}