{"id":314797,"date":"2024-11-21T16:28:06","date_gmt":"2024-11-21T15:28:06","guid":{"rendered":"https:\/\/rwp.rizoma.com\/negozio\/rucklicht-cafe-racer-stil-ee125\/"},"modified":"2025-01-14T11:29:31","modified_gmt":"2025-01-14T10:29:31","slug":"rucklicht-cafe-racer-stil-ee125","status":"publish","type":"product","link":"https:\/\/www.rizoma.com\/de\/negozio\/beleuchtungsset\/EE125\/rucklicht-cafe-racer-stil-ee125\/","title":{"rendered":"R\u00fccklicht Cafe Racer Stil"},"content":{"rendered":"<p>Das stra\u00dfenzugelassene LED R\u00fccklicht Cafe Racer von Rizoma beinhaltet die Brems- und R\u00fccklichtfunktion, ist mit modernster LED-SMD-Technologie gem\u00e4\u00df den Zulassungsstandards ausgestattet, und ist die perfekte Erg\u00e4nzung zu Kotfl\u00fcgeln im Cafe Racer- und Klassik-Stil.<\/p>\n","protected":false},"excerpt":{"rendered":"<p>Das stra\u00dfenzugelassene LED R\u00fccklicht Cafe Racer von Rizoma beinhaltet die Brems- und R\u00fccklichtfunktion, ist mit modernster LED-SMD-Technologie gem\u00e4\u00df den Zulassungsstandards ausgestattet, und ist die perfekte Erg\u00e4nzung zu Kotfl\u00fcgeln im Cafe Racer- und Klassik-Stil.<\/p>\n","protected":false},"featured_media":298587,"template":"","meta":{"_acf_changed":false},"rizoma_assembly_time":[42742],"rizoma_bike":[],"rizoma_division":[42652],"rizoma_family":[],"rizoma_model_category":[],"rizoma_product_template":[],"product_brand":[],"product_cat":[42909],"product_tag":[],"class_list":{"0":"post-314797","1":"product","2":"type-product","3":"status-publish","4":"has-post-thumbnail","6":"product_cat-beleuchtungsset","8":"first","9":"instock","10":"taxable","11":"shipping-taxable","12":"purchasable","13":"product-type-variable"},"acf":[],"_links":{"self":[{"href":"https:\/\/www.rizoma.com\/de\/wp-json\/wp\/v2\/product\/314797","targetHints":{"allow":["GET"]}}],"collection":[{"href":"https:\/\/www.rizoma.com\/de\/wp-json\/wp\/v2\/product"}],"about":[{"href":"https:\/\/www.rizoma.com\/de\/wp-json\/wp\/v2\/types\/product"}],"wp:featuredmedia":[{"embeddable":true,"href":"https:\/\/www.rizoma.com\/de\/wp-json\/wp\/v2\/media\/298587"}],"wp:attachment":[{"href":"https:\/\/www.rizoma.com\/de\/wp-json\/wp\/v2\/media?parent=314797"}],"wp:term":[{"taxonomy":"rizoma_assembly_time","embeddable":true,"href":"https:\/\/www.rizoma.com\/de\/wp-json\/wp\/v2\/rizoma_assembly_time?post=314797"},{"taxonomy":"rizoma_bike","embeddable":true,"href":"https:\/\/www.rizoma.com\/de\/wp-json\/wp\/v2\/rizoma_bike?post=314797"},{"taxonomy":"rizoma_division","embeddable":true,"href":"https:\/\/www.rizoma.com\/de\/wp-json\/wp\/v2\/rizoma_division?post=314797"},{"taxonomy":"rizoma_family","embeddable":true,"href":"https:\/\/www.rizoma.com\/de\/wp-json\/wp\/v2\/rizoma_family?post=314797"},{"taxonomy":"rizoma_model_category","embeddable":true,"href":"https:\/\/www.rizoma.com\/de\/wp-json\/wp\/v2\/rizoma_model_category?post=314797"},{"taxonomy":"rizoma_product_template","embeddable":true,"href":"https:\/\/www.rizoma.com\/de\/wp-json\/wp\/v2\/rizoma_product_template?post=314797"},{"taxonomy":"product_brand","embeddable":true,"href":"https:\/\/www.rizoma.com\/de\/wp-json\/wp\/v2\/product_brand?post=314797"},{"taxonomy":"product_cat","embeddable":true,"href":"https:\/\/www.rizoma.com\/de\/wp-json\/wp\/v2\/product_cat?post=314797"},{"taxonomy":"product_tag","embeddable":true,"href":"https:\/\/www.rizoma.com\/de\/wp-json\/wp\/v2\/product_tag?post=314797"}],"curies":[{"name":"wp","href":"https:\/\/api.w.org\/{rel}","templated":true}]}}