{"id":314792,"date":"2024-11-21T16:27:59","date_gmt":"2024-11-21T15:27:59","guid":{"rendered":"https:\/\/rwp.rizoma.com\/negozio\/rucklicht-mit-kennzeichenbeleuchtung-und-rucklicht-und-bremslicht-ee130\/"},"modified":"2025-01-14T11:23:11","modified_gmt":"2025-01-14T10:23:11","slug":"rucklicht-mit-kennzeichenbeleuchtung-und-rucklicht-und-bremslicht-ee130","status":"publish","type":"product","link":"https:\/\/www.rizoma.com\/de\/negozio\/kennzeichentrager\/EE130\/rucklicht-mit-kennzeichenbeleuchtung-und-rucklicht-und-bremslicht-ee130\/motorbike\/6970\/suzuki\/gsf-1250-bandit-s\/","title":{"rendered":"R\u00fccklicht mit Kennzeichenbeleuchtung und R\u00fccklicht und Bremslicht"},"content":{"rendered":"<p>Das stra\u00dfenzugelassene R\u00fccklicht-Kit vereint in einem einzigen Produkt Kennzeichenbeleuchtung, R\u00fccklicht und Bremslicht. Das Kit beinhaltet eine Montagehalterung, ist mit modernster LED-SMD-Technologie gem\u00e4\u00df den Zulassungsstandards ausgestattet und verf\u00fcgt \u00fcber kompakte Abmessungen und ein sorgsam ausgew\u00e4hltes Design, das die Optik dieses wichtigen Details gekonnt aufwertet.<\/p>\n","protected":false},"excerpt":{"rendered":"<p>Das stra\u00dfenzugelassene R\u00fccklicht-Kit vereint in einem einzigen Produkt Kennzeichenbeleuchtung, R\u00fccklicht und Bremslicht. Das Kit beinhaltet eine Montagehalterung, ist mit modernster LED-SMD-Technologie gem\u00e4\u00df den Zulassungsstandards ausgestattet und verf\u00fcgt \u00fcber kompakte Abmessungen und ein sorgsam ausgew\u00e4hltes Design, das die Optik dieses wichtigen Details gekonnt aufwertet.<\/p>\n","protected":false},"featured_media":298637,"template":"","meta":{"_acf_changed":false},"rizoma_assembly_time":[42664],"rizoma_bike":[],"rizoma_division":[42652],"rizoma_family":[42915],"rizoma_model_category":[],"rizoma_product_template":[],"product_brand":[],"product_cat":[42767],"product_tag":[],"class_list":{"0":"post-314792","1":"product","2":"type-product","3":"status-publish","4":"has-post-thumbnail","6":"product_cat-kennzeichentrager","8":"first","9":"instock","10":"taxable","11":"shipping-taxable","12":"purchasable","13":"product-type-variable"},"acf":[],"_links":{"self":[{"href":"https:\/\/www.rizoma.com\/de\/wp-json\/wp\/v2\/product\/314792","targetHints":{"allow":["GET"]}}],"collection":[{"href":"https:\/\/www.rizoma.com\/de\/wp-json\/wp\/v2\/product"}],"about":[{"href":"https:\/\/www.rizoma.com\/de\/wp-json\/wp\/v2\/types\/product"}],"wp:featuredmedia":[{"embeddable":true,"href":"https:\/\/www.rizoma.com\/de\/wp-json\/wp\/v2\/media\/298637"}],"wp:attachment":[{"href":"https:\/\/www.rizoma.com\/de\/wp-json\/wp\/v2\/media?parent=314792"}],"wp:term":[{"taxonomy":"rizoma_assembly_time","embeddable":true,"href":"https:\/\/www.rizoma.com\/de\/wp-json\/wp\/v2\/rizoma_assembly_time?post=314792"},{"taxonomy":"rizoma_bike","embeddable":true,"href":"https:\/\/www.rizoma.com\/de\/wp-json\/wp\/v2\/rizoma_bike?post=314792"},{"taxonomy":"rizoma_division","embeddable":true,"href":"https:\/\/www.rizoma.com\/de\/wp-json\/wp\/v2\/rizoma_division?post=314792"},{"taxonomy":"rizoma_family","embeddable":true,"href":"https:\/\/www.rizoma.com\/de\/wp-json\/wp\/v2\/rizoma_family?post=314792"},{"taxonomy":"rizoma_model_category","embeddable":true,"href":"https:\/\/www.rizoma.com\/de\/wp-json\/wp\/v2\/rizoma_model_category?post=314792"},{"taxonomy":"rizoma_product_template","embeddable":true,"href":"https:\/\/www.rizoma.com\/de\/wp-json\/wp\/v2\/rizoma_product_template?post=314792"},{"taxonomy":"product_brand","embeddable":true,"href":"https:\/\/www.rizoma.com\/de\/wp-json\/wp\/v2\/product_brand?post=314792"},{"taxonomy":"product_cat","embeddable":true,"href":"https:\/\/www.rizoma.com\/de\/wp-json\/wp\/v2\/product_cat?post=314792"},{"taxonomy":"product_tag","embeddable":true,"href":"https:\/\/www.rizoma.com\/de\/wp-json\/wp\/v2\/product_tag?post=314792"}],"curies":[{"name":"wp","href":"https:\/\/api.w.org\/{rel}","templated":true}]}}