{"id":314667,"date":"2024-11-21T16:25:21","date_gmt":"2024-11-21T15:25:21","guid":{"rendered":"https:\/\/rwp.rizoma.com\/negozio\/kurbelgehauseverschluss-tp031\/"},"modified":"2025-01-14T11:58:53","modified_gmt":"2025-01-14T10:58:53","slug":"kurbelgehauseverschluss-tp031","status":"publish","type":"product","link":"https:\/\/www.rizoma.com\/de\/negozio\/mehr-fur-ihre-suzuki\/TP031\/kurbelgehauseverschluss-tp031\/","title":{"rendered":"Kurbelgeh\u00e4useverschluss"},"content":{"rendered":"<p>Der Rizoma-Kurbelgeh\u00e4useverschluss mit Verschlussfangb\u00fcgel ist aus Aluminium gearbeitet. Die eloxierte Oberfl\u00e4che sorgt f\u00fcr eine langlebige Optik.<\/p>\n","protected":false},"excerpt":{"rendered":"<p>Der Rizoma-Kurbelgeh\u00e4useverschluss mit Verschlussfangb\u00fcgel ist aus Aluminium gearbeitet. Die eloxierte Oberfl\u00e4che sorgt f\u00fcr eine langlebige Optik.<\/p>\n","protected":false},"featured_media":296142,"template":"","meta":{"_acf_changed":false},"rizoma_assembly_time":[42664],"rizoma_bike":[41561,41781,41823,41850,41851,41824,41897,41898,41899,41900,41918,41919,41607,41609,41884,42423,42424,41771,41921,42139,41914,42141,42295,42346,42410,42390,41883,44373,42421,42422,42395,42146,42194],"rizoma_division":[42652],"rizoma_family":[],"rizoma_model_category":[],"rizoma_product_template":[],"product_brand":[],"product_cat":[42894],"product_tag":[],"class_list":{"0":"post-314667","1":"product","2":"type-product","3":"status-publish","4":"has-post-thumbnail","6":"rizoma_bike-gsr-750-2010-15","7":"rizoma_bike-gsr-750-abs-2010-17","8":"rizoma_bike-gsr-750-abs-mat-black-l-e-2010-14","9":"rizoma_bike-gsr-750-acc-2014-15","10":"rizoma_bike-gsr-750-acc-abs-2014-15","11":"rizoma_bike-gsr-750-mat-black-l-e-2013-14","12":"rizoma_bike-gsr-750-sp-2015","13":"rizoma_bike-gsr-750-sp-abs-2015-17","14":"rizoma_bike-gsr-750-z-2014-15","15":"rizoma_bike-gsr-750-z-abs-2015-16","16":"rizoma_bike-gsr-750-z-sp-2015","17":"rizoma_bike-gsr-750-z-sp-abs-2015-16","18":"rizoma_bike-gsx-r-600-2011-16","19":"rizoma_bike-gsx-r-750-2011-12","20":"rizoma_bike-gsx-s-1000-f-abs-2014-17","21":"rizoma_bike-gsx-s-950-gp-2022","22":"rizoma_bike-gsx-s-950-sert-edition-2022","23":"rizoma_bike-gsx-r1000-2012-15","24":"rizoma_bike-gsx-r1000-2015","25":"rizoma_bike-gsx-r1000-2019-20","26":"rizoma_bike-gsx-r1000-abs-2015-16","27":"rizoma_bike-gsx-r1000r-2019-20","28":"rizoma_bike-gsx-r1000r-anniversary-2020","29":"rizoma_bike-gsx-r1000r-legend-edition-2020","30":"rizoma_bike-gsx-r1000r-phantom-2022","31":"rizoma_bike-gsx-s1000-2021-25","32":"rizoma_bike-gsx-s1000-abs-2015-17","33":"rizoma_bike-gsx-s1000-evo-2025-26","34":"rizoma_bike-gsx-s1000-gp-2022","35":"rizoma_bike-gsx-s1000-sert-edition-2022","36":"rizoma_bike-gsx-s1000-web-edition-2021","37":"rizoma_bike-katana-1000-2019-20","38":"rizoma_bike-katana-1000-jindachi-2019-20","39":"product_cat-mehr-fur-ihre-suzuki","41":"first","42":"instock","43":"sale","44":"taxable","45":"shipping-taxable","46":"purchasable","47":"product-type-variable"},"acf":[],"_links":{"self":[{"href":"https:\/\/www.rizoma.com\/de\/wp-json\/wp\/v2\/product\/314667","targetHints":{"allow":["GET"]}}],"collection":[{"href":"https:\/\/www.rizoma.com\/de\/wp-json\/wp\/v2\/product"}],"about":[{"href":"https:\/\/www.rizoma.com\/de\/wp-json\/wp\/v2\/types\/product"}],"wp:featuredmedia":[{"embeddable":true,"href":"https:\/\/www.rizoma.com\/de\/wp-json\/wp\/v2\/media\/296142"}],"wp:attachment":[{"href":"https:\/\/www.rizoma.com\/de\/wp-json\/wp\/v2\/media?parent=314667"}],"wp:term":[{"taxonomy":"rizoma_assembly_time","embeddable":true,"href":"https:\/\/www.rizoma.com\/de\/wp-json\/wp\/v2\/rizoma_assembly_time?post=314667"},{"taxonomy":"rizoma_bike","embeddable":true,"href":"https:\/\/www.rizoma.com\/de\/wp-json\/wp\/v2\/rizoma_bike?post=314667"},{"taxonomy":"rizoma_division","embeddable":true,"href":"https:\/\/www.rizoma.com\/de\/wp-json\/wp\/v2\/rizoma_division?post=314667"},{"taxonomy":"rizoma_family","embeddable":true,"href":"https:\/\/www.rizoma.com\/de\/wp-json\/wp\/v2\/rizoma_family?post=314667"},{"taxonomy":"rizoma_model_category","embeddable":true,"href":"https:\/\/www.rizoma.com\/de\/wp-json\/wp\/v2\/rizoma_model_category?post=314667"},{"taxonomy":"rizoma_product_template","embeddable":true,"href":"https:\/\/www.rizoma.com\/de\/wp-json\/wp\/v2\/rizoma_product_template?post=314667"},{"taxonomy":"product_brand","embeddable":true,"href":"https:\/\/www.rizoma.com\/de\/wp-json\/wp\/v2\/product_brand?post=314667"},{"taxonomy":"product_cat","embeddable":true,"href":"https:\/\/www.rizoma.com\/de\/wp-json\/wp\/v2\/product_cat?post=314667"},{"taxonomy":"product_tag","embeddable":true,"href":"https:\/\/www.rizoma.com\/de\/wp-json\/wp\/v2\/product_tag?post=314667"}],"curies":[{"name":"wp","href":"https:\/\/api.w.org\/{rel}","templated":true}]}}