{"id":314632,"date":"2024-11-21T16:24:38","date_gmt":"2024-11-21T15:24:38","guid":{"rendered":"https:\/\/rwp.rizoma.com\/negozio\/ausgleichsbehalter-kupplung-next-fur-mineralol-ctm125\/"},"modified":"2025-12-18T00:37:08","modified_gmt":"2025-12-17T23:37:08","slug":"ausgleichsbehalter-kupplung-next-fur-mineralol-ctm125","status":"publish","type":"product","link":"https:\/\/www.rizoma.com\/de\/negozio\/ausgleichsbehalter\/CTM125\/ausgleichsbehalter-kupplung-next-fur-mineralol-ctm125\/","title":{"rendered":"Ausgleichsbeh\u00e4lter Kupplung Next f\u00fcr Mineral\u00f6l"},"content":{"rendered":"<p>Die Ausgleichsbeh\u00e4lter NEXT zeichnen sich durch eine unkonventionelle Linienf\u00fchrung aus, die das rein funktionale Konzept dieses Bauteils neu interpretiert und es zum echten Blickfang hochstilisiert. Die aus Aluminium gearbeiteten Beh\u00e4lter verf\u00fcgen \u00fcber ein Sichtfenster und sind eloxiert. Mit T\u00dcV\/ABE-Zertifizierung und NBR-Dichtung, mit Mineral\u00f6len kompatibel, in drei verschiedenen Gr\u00f6\u00dfen erh\u00e4ltlich und somit f\u00fcr unterschiedliche Anwendungsbereiche geeignet.<\/p>\n","protected":false},"excerpt":{"rendered":"<p>Die Ausgleichsbeh\u00e4lter NEXT zeichnen sich durch eine unkonventionelle Linienf\u00fchrung aus, die das rein funktionale Konzept dieses Bauteils neu interpretiert und es zum echten Blickfang hochstilisiert. Die aus Aluminium gearbeiteten Beh\u00e4lter verf\u00fcgen \u00fcber ein Sichtfenster und sind eloxiert. Mit T\u00dcV\/ABE-Zertifizierung und NBR-Dichtung, mit Mineral\u00f6len kompatibel, in drei verschiedenen Gr\u00f6\u00dfen erh\u00e4ltlich und somit f\u00fcr unterschiedliche Anwendungsbereiche geeignet.<\/p>\n","protected":false},"featured_media":293647,"template":"","meta":{"_acf_changed":false},"rizoma_assembly_time":[42691],"rizoma_bike":[],"rizoma_division":[42652],"rizoma_family":[42695],"rizoma_model_category":[],"rizoma_product_template":[],"product_brand":[],"product_cat":[42689],"product_tag":[],"class_list":{"0":"post-314632","1":"product","2":"type-product","3":"status-publish","4":"has-post-thumbnail","6":"product_cat-ausgleichsbehalter","8":"first","9":"instock","10":"sale","11":"taxable","12":"shipping-taxable","13":"purchasable","14":"product-type-variable"},"acf":[],"_links":{"self":[{"href":"https:\/\/www.rizoma.com\/de\/wp-json\/wp\/v2\/product\/314632","targetHints":{"allow":["GET"]}}],"collection":[{"href":"https:\/\/www.rizoma.com\/de\/wp-json\/wp\/v2\/product"}],"about":[{"href":"https:\/\/www.rizoma.com\/de\/wp-json\/wp\/v2\/types\/product"}],"wp:featuredmedia":[{"embeddable":true,"href":"https:\/\/www.rizoma.com\/de\/wp-json\/wp\/v2\/media\/293647"}],"wp:attachment":[{"href":"https:\/\/www.rizoma.com\/de\/wp-json\/wp\/v2\/media?parent=314632"}],"wp:term":[{"taxonomy":"rizoma_assembly_time","embeddable":true,"href":"https:\/\/www.rizoma.com\/de\/wp-json\/wp\/v2\/rizoma_assembly_time?post=314632"},{"taxonomy":"rizoma_bike","embeddable":true,"href":"https:\/\/www.rizoma.com\/de\/wp-json\/wp\/v2\/rizoma_bike?post=314632"},{"taxonomy":"rizoma_division","embeddable":true,"href":"https:\/\/www.rizoma.com\/de\/wp-json\/wp\/v2\/rizoma_division?post=314632"},{"taxonomy":"rizoma_family","embeddable":true,"href":"https:\/\/www.rizoma.com\/de\/wp-json\/wp\/v2\/rizoma_family?post=314632"},{"taxonomy":"rizoma_model_category","embeddable":true,"href":"https:\/\/www.rizoma.com\/de\/wp-json\/wp\/v2\/rizoma_model_category?post=314632"},{"taxonomy":"rizoma_product_template","embeddable":true,"href":"https:\/\/www.rizoma.com\/de\/wp-json\/wp\/v2\/rizoma_product_template?post=314632"},{"taxonomy":"product_brand","embeddable":true,"href":"https:\/\/www.rizoma.com\/de\/wp-json\/wp\/v2\/product_brand?post=314632"},{"taxonomy":"product_cat","embeddable":true,"href":"https:\/\/www.rizoma.com\/de\/wp-json\/wp\/v2\/product_cat?post=314632"},{"taxonomy":"product_tag","embeddable":true,"href":"https:\/\/www.rizoma.com\/de\/wp-json\/wp\/v2\/product_tag?post=314632"}],"curies":[{"name":"wp","href":"https:\/\/api.w.org\/{rel}","templated":true}]}}