{"id":314627,"date":"2024-11-21T16:24:32","date_gmt":"2024-11-21T15:24:32","guid":{"rendered":"https:\/\/rwp.rizoma.com\/negozio\/ausgleichsbehalter-kupplung-fur-mineralole-ctm025\/"},"modified":"2025-12-18T00:37:06","modified_gmt":"2025-12-17T23:37:06","slug":"ausgleichsbehalter-kupplung-fur-mineralole-ctm025","status":"publish","type":"product","link":"https:\/\/www.rizoma.com\/de\/negozio\/ausgleichsbehalter\/CTM025\/ausgleichsbehalter-kupplung-fur-mineralole-ctm025\/","title":{"rendered":"Ausgleichsbeh\u00e4lter Kupplung f\u00fcr Mineral\u00f6le"},"content":{"rendered":"<p>Die Rizoma-Beh\u00e4lter mit ihrem einfachen, aber unverkennbaren Design verleihen dem Motorrad eine stilvolle, akkurate Optik \u2013 genau richtig f\u00fcr all jene, die ihre Maschine mit Details veredeln m\u00f6chten. Die zur G\u00e4nze aus Aluminium gearbeiteten Beh\u00e4lter sind eloxiert, was nicht nur eine breite Farbpalette erm\u00f6glicht, sondern auch Qualit\u00e4t und Langlebigkeit gew\u00e4hrleistet. Mit T\u00dcV\/ABE-Zertifizierung und NBR-Dichtung, mit Mineral\u00f6len kompatibel.<\/p>\n","protected":false},"excerpt":{"rendered":"<p>Die Rizoma-Beh\u00e4lter mit ihrem einfachen, aber unverkennbaren Design verleihen dem Motorrad eine stilvolle, akkurate Optik \u2013 genau richtig f\u00fcr all jene, die ihre Maschine mit Details veredeln m\u00f6chten. Die zur G\u00e4nze aus Aluminium gearbeiteten Beh\u00e4lter sind eloxiert, was nicht nur eine breite Farbpalette erm\u00f6glicht, sondern auch Qualit\u00e4t und Langlebigkeit gew\u00e4hrleistet. Mit T\u00dcV\/ABE-Zertifizierung und NBR-Dichtung, mit [&hellip;]<\/p>\n","protected":false},"featured_media":293627,"template":"","meta":{"_acf_changed":false},"rizoma_assembly_time":[42691],"rizoma_bike":[],"rizoma_division":[42652],"rizoma_family":[42695],"rizoma_model_category":[],"rizoma_product_template":[],"product_brand":[],"product_cat":[42689],"product_tag":[],"class_list":{"0":"post-314627","1":"product","2":"type-product","3":"status-publish","4":"has-post-thumbnail","6":"product_cat-ausgleichsbehalter","8":"first","9":"instock","10":"sale","11":"taxable","12":"shipping-taxable","13":"purchasable","14":"product-type-variable"},"acf":[],"_links":{"self":[{"href":"https:\/\/www.rizoma.com\/de\/wp-json\/wp\/v2\/product\/314627","targetHints":{"allow":["GET"]}}],"collection":[{"href":"https:\/\/www.rizoma.com\/de\/wp-json\/wp\/v2\/product"}],"about":[{"href":"https:\/\/www.rizoma.com\/de\/wp-json\/wp\/v2\/types\/product"}],"wp:featuredmedia":[{"embeddable":true,"href":"https:\/\/www.rizoma.com\/de\/wp-json\/wp\/v2\/media\/293627"}],"wp:attachment":[{"href":"https:\/\/www.rizoma.com\/de\/wp-json\/wp\/v2\/media?parent=314627"}],"wp:term":[{"taxonomy":"rizoma_assembly_time","embeddable":true,"href":"https:\/\/www.rizoma.com\/de\/wp-json\/wp\/v2\/rizoma_assembly_time?post=314627"},{"taxonomy":"rizoma_bike","embeddable":true,"href":"https:\/\/www.rizoma.com\/de\/wp-json\/wp\/v2\/rizoma_bike?post=314627"},{"taxonomy":"rizoma_division","embeddable":true,"href":"https:\/\/www.rizoma.com\/de\/wp-json\/wp\/v2\/rizoma_division?post=314627"},{"taxonomy":"rizoma_family","embeddable":true,"href":"https:\/\/www.rizoma.com\/de\/wp-json\/wp\/v2\/rizoma_family?post=314627"},{"taxonomy":"rizoma_model_category","embeddable":true,"href":"https:\/\/www.rizoma.com\/de\/wp-json\/wp\/v2\/rizoma_model_category?post=314627"},{"taxonomy":"rizoma_product_template","embeddable":true,"href":"https:\/\/www.rizoma.com\/de\/wp-json\/wp\/v2\/rizoma_product_template?post=314627"},{"taxonomy":"product_brand","embeddable":true,"href":"https:\/\/www.rizoma.com\/de\/wp-json\/wp\/v2\/product_brand?post=314627"},{"taxonomy":"product_cat","embeddable":true,"href":"https:\/\/www.rizoma.com\/de\/wp-json\/wp\/v2\/product_cat?post=314627"},{"taxonomy":"product_tag","embeddable":true,"href":"https:\/\/www.rizoma.com\/de\/wp-json\/wp\/v2\/product_tag?post=314627"}],"curies":[{"name":"wp","href":"https:\/\/api.w.org\/{rel}","templated":true}]}}