{"id":314587,"date":"2024-11-21T16:23:43","date_gmt":"2024-11-21T15:23:43","guid":{"rendered":"https:\/\/rwp.rizoma.com\/negozio\/kupplungsschutz-pm465\/"},"modified":"2025-12-18T00:38:51","modified_gmt":"2025-12-17T23:38:51","slug":"kupplungsschutz-pm465","status":"publish","type":"product","link":"https:\/\/www.rizoma.com\/de\/negozio\/seitlicher-sturzpad\/PM465\/kupplungsschutz-pm465\/","title":{"rendered":"Kupplungsschutz"},"content":{"rendered":"<p>Jede Rizoma-Schutzvorrichtung ist eigens f\u00fcr das jeweilige Motorradmodell konzipiert, um ein H\u00f6chstma\u00df an Kompatibilit\u00e4t und Funktionalit\u00e4t sowie eine einfache und schnelle Montage sicherzustellen. Die komplett aus Aluminium, einem leichten, aber widerstandsf\u00e4higen Material, gefertigte Vorrichtung wird aus dem Vollen gearbeitet und anschlie\u00dfend f\u00fcr eine langlebigere Optik eloxiert.<\/p>\n","protected":false},"excerpt":{"rendered":"<p>Jede Rizoma-Schutzvorrichtung ist eigens f\u00fcr das jeweilige Motorradmodell konzipiert, um ein H\u00f6chstma\u00df an Kompatibilit\u00e4t und Funktionalit\u00e4t sowie eine einfache und schnelle Montage sicherzustellen. Die komplett aus Aluminium, einem leichten, aber widerstandsf\u00e4higen Material, gefertigte Vorrichtung wird aus dem Vollen gearbeitet und anschlie\u00dfend f\u00fcr eine langlebigere Optik eloxiert.<\/p>\n","protected":false},"featured_media":296642,"template":"","meta":{"_acf_changed":false},"rizoma_assembly_time":[42675],"rizoma_bike":[41837,42021,41939],"rizoma_division":[42652],"rizoma_family":[],"rizoma_model_category":[],"rizoma_product_template":[],"product_brand":[],"product_cat":[42757],"product_tag":[],"class_list":{"0":"post-314587","1":"product","2":"type-product","3":"status-publish","4":"has-post-thumbnail","6":"rizoma_bike-1290-super-duke-r-abs-2014-16","7":"rizoma_bike-1290-super-duke-r-abs-2017-18","8":"rizoma_bike-1290-super-duke-r-se-abs-2016","9":"product_cat-seitlicher-sturzpad","11":"first","12":"instock","13":"sale","14":"taxable","15":"shipping-taxable","16":"purchasable","17":"product-type-variable"},"acf":[],"_links":{"self":[{"href":"https:\/\/www.rizoma.com\/de\/wp-json\/wp\/v2\/product\/314587","targetHints":{"allow":["GET"]}}],"collection":[{"href":"https:\/\/www.rizoma.com\/de\/wp-json\/wp\/v2\/product"}],"about":[{"href":"https:\/\/www.rizoma.com\/de\/wp-json\/wp\/v2\/types\/product"}],"wp:featuredmedia":[{"embeddable":true,"href":"https:\/\/www.rizoma.com\/de\/wp-json\/wp\/v2\/media\/296642"}],"wp:attachment":[{"href":"https:\/\/www.rizoma.com\/de\/wp-json\/wp\/v2\/media?parent=314587"}],"wp:term":[{"taxonomy":"rizoma_assembly_time","embeddable":true,"href":"https:\/\/www.rizoma.com\/de\/wp-json\/wp\/v2\/rizoma_assembly_time?post=314587"},{"taxonomy":"rizoma_bike","embeddable":true,"href":"https:\/\/www.rizoma.com\/de\/wp-json\/wp\/v2\/rizoma_bike?post=314587"},{"taxonomy":"rizoma_division","embeddable":true,"href":"https:\/\/www.rizoma.com\/de\/wp-json\/wp\/v2\/rizoma_division?post=314587"},{"taxonomy":"rizoma_family","embeddable":true,"href":"https:\/\/www.rizoma.com\/de\/wp-json\/wp\/v2\/rizoma_family?post=314587"},{"taxonomy":"rizoma_model_category","embeddable":true,"href":"https:\/\/www.rizoma.com\/de\/wp-json\/wp\/v2\/rizoma_model_category?post=314587"},{"taxonomy":"rizoma_product_template","embeddable":true,"href":"https:\/\/www.rizoma.com\/de\/wp-json\/wp\/v2\/rizoma_product_template?post=314587"},{"taxonomy":"product_brand","embeddable":true,"href":"https:\/\/www.rizoma.com\/de\/wp-json\/wp\/v2\/product_brand?post=314587"},{"taxonomy":"product_cat","embeddable":true,"href":"https:\/\/www.rizoma.com\/de\/wp-json\/wp\/v2\/product_cat?post=314587"},{"taxonomy":"product_tag","embeddable":true,"href":"https:\/\/www.rizoma.com\/de\/wp-json\/wp\/v2\/product_tag?post=314587"}],"curies":[{"name":"wp","href":"https:\/\/api.w.org\/{rel}","templated":true}]}}