{"id":314522,"date":"2024-11-21T16:22:21","date_gmt":"2024-11-21T15:22:21","guid":{"rendered":"https:\/\/rwp.rizoma.com\/negozio\/montagesatz-fur-rizoma-ausgleichsbehalter-ct457\/"},"modified":"2025-01-14T11:03:01","modified_gmt":"2025-01-14T10:03:01","slug":"montagesatz-fur-rizoma-ausgleichsbehalter-ct457","status":"publish","type":"product","link":"https:\/\/www.rizoma.com\/de\/negozio\/ausgleichsbehalter\/CT457\/montagesatz-fur-rizoma-ausgleichsbehalter-ct457\/","title":{"rendered":"Montagesatz f\u00fcr Rizoma-Ausgleichsbeh\u00e4lter"},"content":{"rendered":"<p>Die aus Aluminium gefertigten Adapter f\u00fcr Rizoma-Ausgleichsbeh\u00e4lter stellen im Fall eines Ersatzes des OEM-Ausgleichsbeh\u00e4lters durch einen von Rizoma die optimale Montagel\u00f6sung dar. Nur mit Lenkern \u00d8 22 mm verwendbar.<\/p>\n","protected":false},"excerpt":{"rendered":"<p>Die aus Aluminium gefertigten Adapter f\u00fcr Rizoma-Ausgleichsbeh\u00e4lter stellen im Fall eines Ersatzes des OEM-Ausgleichsbeh\u00e4lters durch einen von Rizoma die optimale Montagel\u00f6sung dar. Nur mit Lenkern \u00d8 22 mm verwendbar.<\/p>\n","protected":false},"featured_media":293567,"template":"","meta":{"_acf_changed":false},"rizoma_assembly_time":[42664],"rizoma_bike":[41936],"rizoma_division":[42652],"rizoma_family":[42705],"rizoma_model_category":[],"rizoma_product_template":[],"product_brand":[],"product_cat":[42689],"product_tag":[],"class_list":{"0":"post-314522","1":"product","2":"type-product","3":"status-publish","4":"has-post-thumbnail","6":"rizoma_bike-street-twin-900-2016","7":"product_cat-ausgleichsbehalter","9":"first","10":"instock","11":"taxable","12":"shipping-taxable","13":"purchasable","14":"product-type-variable"},"acf":[],"_links":{"self":[{"href":"https:\/\/www.rizoma.com\/de\/wp-json\/wp\/v2\/product\/314522","targetHints":{"allow":["GET"]}}],"collection":[{"href":"https:\/\/www.rizoma.com\/de\/wp-json\/wp\/v2\/product"}],"about":[{"href":"https:\/\/www.rizoma.com\/de\/wp-json\/wp\/v2\/types\/product"}],"wp:featuredmedia":[{"embeddable":true,"href":"https:\/\/www.rizoma.com\/de\/wp-json\/wp\/v2\/media\/293567"}],"wp:attachment":[{"href":"https:\/\/www.rizoma.com\/de\/wp-json\/wp\/v2\/media?parent=314522"}],"wp:term":[{"taxonomy":"rizoma_assembly_time","embeddable":true,"href":"https:\/\/www.rizoma.com\/de\/wp-json\/wp\/v2\/rizoma_assembly_time?post=314522"},{"taxonomy":"rizoma_bike","embeddable":true,"href":"https:\/\/www.rizoma.com\/de\/wp-json\/wp\/v2\/rizoma_bike?post=314522"},{"taxonomy":"rizoma_division","embeddable":true,"href":"https:\/\/www.rizoma.com\/de\/wp-json\/wp\/v2\/rizoma_division?post=314522"},{"taxonomy":"rizoma_family","embeddable":true,"href":"https:\/\/www.rizoma.com\/de\/wp-json\/wp\/v2\/rizoma_family?post=314522"},{"taxonomy":"rizoma_model_category","embeddable":true,"href":"https:\/\/www.rizoma.com\/de\/wp-json\/wp\/v2\/rizoma_model_category?post=314522"},{"taxonomy":"rizoma_product_template","embeddable":true,"href":"https:\/\/www.rizoma.com\/de\/wp-json\/wp\/v2\/rizoma_product_template?post=314522"},{"taxonomy":"product_brand","embeddable":true,"href":"https:\/\/www.rizoma.com\/de\/wp-json\/wp\/v2\/product_brand?post=314522"},{"taxonomy":"product_cat","embeddable":true,"href":"https:\/\/www.rizoma.com\/de\/wp-json\/wp\/v2\/product_cat?post=314522"},{"taxonomy":"product_tag","embeddable":true,"href":"https:\/\/www.rizoma.com\/de\/wp-json\/wp\/v2\/product_tag?post=314522"}],"curies":[{"name":"wp","href":"https:\/\/api.w.org\/{rel}","templated":true}]}}