{"id":314417,"date":"2024-11-21T16:20:06","date_gmt":"2024-11-21T15:20:06","guid":{"rendered":"https:\/\/rwp.rizoma.com\/negozio\/windschild-zdm105\/"},"modified":"2025-12-18T00:38:43","modified_gmt":"2025-12-17T23:38:43","slug":"windschild-zdm105","status":"publish","type":"product","link":"https:\/\/www.rizoma.com\/de\/negozio\/windschilde\/ZDM105\/windschild-zdm105\/","title":{"rendered":"Windschild"},"content":{"rendered":"<p>Das gleichzeitig elegant und aggressiv anmutende Rizoma-Windschild verleiht der Frontpartie eine schlankere Optik. Das mittels modernster 3D-Verfahren aus Aluminium gefertigte Teil besticht durch die hervorragenden optischen Eigenschaften und die Leichtigkeit (kaum mehr als 0,5 kg) dieses Materials. Mit ABE-Zertifizierung. F\u00fcr die Montage des Rizoma-Windschilds ZDM105 (oder OEM-Windschilds) am Rizoma-Lenker MA207 wird der Adapter ZDM107B ben\u00f6tigt. F\u00fcr die Montage des Windschilds ZDM105 am OEM-Lenker ist hingegen kein Adapter erforderlich.<\/p>\n","protected":false},"excerpt":{"rendered":"<p>Das gleichzeitig elegant und aggressiv anmutende Rizoma-Windschild verleiht der Frontpartie eine schlankere Optik. Das mittels modernster 3D-Verfahren aus Aluminium gefertigte Teil besticht durch die hervorragenden optischen Eigenschaften und die Leichtigkeit (kaum mehr als 0,5 kg) dieses Materials. Mit ABE-Zertifizierung. F\u00fcr die Montage des Rizoma-Windschilds ZDM105 (oder OEM-Windschilds) am Rizoma-Lenker MA207 wird der Adapter ZDM107B ben\u00f6tigt. [&hellip;]<\/p>\n","protected":false},"featured_media":294712,"template":"","meta":{"_acf_changed":false},"rizoma_assembly_time":[42675],"rizoma_bike":[41875,41867],"rizoma_division":[42652],"rizoma_family":[],"rizoma_model_category":[],"rizoma_product_template":[],"product_brand":[],"product_cat":[42828],"product_tag":[],"class_list":{"0":"post-314417","1":"product","2":"type-product","3":"status-publish","4":"has-post-thumbnail","6":"rizoma_bike-diavel-1200-2014-16","7":"rizoma_bike-diavel-1200-carbon-2014-16","8":"product_cat-windschilde","10":"first","11":"instock","12":"sale","13":"taxable","14":"shipping-taxable","15":"purchasable","16":"product-type-variable"},"acf":[],"_links":{"self":[{"href":"https:\/\/www.rizoma.com\/de\/wp-json\/wp\/v2\/product\/314417","targetHints":{"allow":["GET"]}}],"collection":[{"href":"https:\/\/www.rizoma.com\/de\/wp-json\/wp\/v2\/product"}],"about":[{"href":"https:\/\/www.rizoma.com\/de\/wp-json\/wp\/v2\/types\/product"}],"wp:featuredmedia":[{"embeddable":true,"href":"https:\/\/www.rizoma.com\/de\/wp-json\/wp\/v2\/media\/294712"}],"wp:attachment":[{"href":"https:\/\/www.rizoma.com\/de\/wp-json\/wp\/v2\/media?parent=314417"}],"wp:term":[{"taxonomy":"rizoma_assembly_time","embeddable":true,"href":"https:\/\/www.rizoma.com\/de\/wp-json\/wp\/v2\/rizoma_assembly_time?post=314417"},{"taxonomy":"rizoma_bike","embeddable":true,"href":"https:\/\/www.rizoma.com\/de\/wp-json\/wp\/v2\/rizoma_bike?post=314417"},{"taxonomy":"rizoma_division","embeddable":true,"href":"https:\/\/www.rizoma.com\/de\/wp-json\/wp\/v2\/rizoma_division?post=314417"},{"taxonomy":"rizoma_family","embeddable":true,"href":"https:\/\/www.rizoma.com\/de\/wp-json\/wp\/v2\/rizoma_family?post=314417"},{"taxonomy":"rizoma_model_category","embeddable":true,"href":"https:\/\/www.rizoma.com\/de\/wp-json\/wp\/v2\/rizoma_model_category?post=314417"},{"taxonomy":"rizoma_product_template","embeddable":true,"href":"https:\/\/www.rizoma.com\/de\/wp-json\/wp\/v2\/rizoma_product_template?post=314417"},{"taxonomy":"product_brand","embeddable":true,"href":"https:\/\/www.rizoma.com\/de\/wp-json\/wp\/v2\/product_brand?post=314417"},{"taxonomy":"product_cat","embeddable":true,"href":"https:\/\/www.rizoma.com\/de\/wp-json\/wp\/v2\/product_cat?post=314417"},{"taxonomy":"product_tag","embeddable":true,"href":"https:\/\/www.rizoma.com\/de\/wp-json\/wp\/v2\/product_tag?post=314417"}],"curies":[{"name":"wp","href":"https:\/\/api.w.org\/{rel}","templated":true}]}}