{"id":314347,"date":"2024-11-21T16:18:36","date_gmt":"2024-11-21T15:18:36","guid":{"rendered":"https:\/\/rwp.rizoma.com\/negozio\/soziusfusrasten-kit-pe680\/"},"modified":"2025-01-14T10:57:37","modified_gmt":"2025-01-14T09:57:37","slug":"soziusfusrasten-kit-pe680","status":"publish","type":"product","link":"https:\/\/www.rizoma.com\/de\/negozio\/fusrasten\/PE680\/soziusfusrasten-kit-pe680\/","title":{"rendered":"Soziusfu\u00dfrasten-Kit"},"content":{"rendered":"<p>Das Soziusfu\u00dfrasten-Kit PE680B von Rizoma ist auf maximalen Komfort ausgelegt.<br \/>Die Fu\u00dfrasten werden im Vergleich zur OEM-Position um 40 mm nach hinten versetzt und k\u00f6nnen um 30 bis 50 mm tiefer gelegt werden. Das Kit ist sowohl mit OEM- als auch Rizoma-Fu\u00dfrasten (Adapter PE676A f\u00fcr Montage erforderlich) kompatibel. Achtung: PE680B kann nicht zusammen mit den OEM-Koffern genutzt werden. Die Fu\u00dfrasten sind nicht im Kit enthalten. Soziusfu\u00dfrasten-Kit mit T\u00dcV-Zertifizierung.<\/p>\n","protected":false},"excerpt":{"rendered":"<p>Das Soziusfu\u00dfrasten-Kit PE680B von Rizoma ist auf maximalen Komfort ausgelegt.Die Fu\u00dfrasten werden im Vergleich zur OEM-Position um 40 mm nach hinten versetzt und k\u00f6nnen um 30 bis 50 mm tiefer gelegt werden. Das Kit ist sowohl mit OEM- als auch Rizoma-Fu\u00dfrasten (Adapter PE676A f\u00fcr Montage erforderlich) kompatibel. Achtung: PE680B kann nicht zusammen mit den OEM-Koffern [&hellip;]<\/p>\n","protected":false},"featured_media":297102,"template":"","meta":{"_acf_changed":false},"rizoma_assembly_time":[42742],"rizoma_bike":[41821,41991,42263,41831,41960,42107,41873,41872,41854,41855,41969,42053,41947,41992,42058,42103,43994,41977,42095,42262,42022,41948,41964],"rizoma_division":[42652],"rizoma_family":[42746],"rizoma_model_category":[],"rizoma_product_template":[],"product_brand":[],"product_cat":[42751],"product_tag":[],"class_list":{"0":"post-314347","1":"product","2":"type-product","3":"status-publish","4":"has-post-thumbnail","6":"rizoma_bike-mt-09-2013-15","7":"rizoma_bike-mt-09-2017-20","8":"rizoma_bike-mt-09-2020","9":"rizoma_bike-mt-09-abs-2013-15","10":"rizoma_bike-mt-09-abs-2016","11":"rizoma_bike-mt-09-sp-2018-20","12":"rizoma_bike-mt-09-sport-tracker-2014-16","13":"rizoma_bike-mt-09-sport-tracker-abs-2014-16","14":"rizoma_bike-mt-09-street-rally-2014-16","15":"rizoma_bike-mt-09-street-rally-abs-2014-16","16":"rizoma_bike-mt-09-tracer-abs-2015-16","17":"rizoma_bike-mt-10-2017-20","18":"rizoma_bike-mt-10-abs-2016-17","19":"rizoma_bike-mt-10-sp-2017-20","20":"rizoma_bike-mt-10-tourer-edition-2017-20","21":"rizoma_bike-tracer-900-2018-20","22":"rizoma_bike-tracer-900-abs-2015-16","23":"rizoma_bike-tracer-900-abs-2017-18","24":"rizoma_bike-tracer-900-gt-2018-20","25":"rizoma_bike-xsr-900-80-black-2020","26":"rizoma_bike-xsr-900-abarth-2017-18","27":"rizoma_bike-xsr-900-abs-2016-20","28":"rizoma_bike-xsr-900-abs-60th-anniversary-2016-18","29":"product_cat-fusrasten","31":"first","32":"instock","33":"taxable","34":"shipping-taxable","35":"purchasable","36":"product-type-variable"},"acf":[],"_links":{"self":[{"href":"https:\/\/www.rizoma.com\/de\/wp-json\/wp\/v2\/product\/314347","targetHints":{"allow":["GET"]}}],"collection":[{"href":"https:\/\/www.rizoma.com\/de\/wp-json\/wp\/v2\/product"}],"about":[{"href":"https:\/\/www.rizoma.com\/de\/wp-json\/wp\/v2\/types\/product"}],"wp:featuredmedia":[{"embeddable":true,"href":"https:\/\/www.rizoma.com\/de\/wp-json\/wp\/v2\/media\/297102"}],"wp:attachment":[{"href":"https:\/\/www.rizoma.com\/de\/wp-json\/wp\/v2\/media?parent=314347"}],"wp:term":[{"taxonomy":"rizoma_assembly_time","embeddable":true,"href":"https:\/\/www.rizoma.com\/de\/wp-json\/wp\/v2\/rizoma_assembly_time?post=314347"},{"taxonomy":"rizoma_bike","embeddable":true,"href":"https:\/\/www.rizoma.com\/de\/wp-json\/wp\/v2\/rizoma_bike?post=314347"},{"taxonomy":"rizoma_division","embeddable":true,"href":"https:\/\/www.rizoma.com\/de\/wp-json\/wp\/v2\/rizoma_division?post=314347"},{"taxonomy":"rizoma_family","embeddable":true,"href":"https:\/\/www.rizoma.com\/de\/wp-json\/wp\/v2\/rizoma_family?post=314347"},{"taxonomy":"rizoma_model_category","embeddable":true,"href":"https:\/\/www.rizoma.com\/de\/wp-json\/wp\/v2\/rizoma_model_category?post=314347"},{"taxonomy":"rizoma_product_template","embeddable":true,"href":"https:\/\/www.rizoma.com\/de\/wp-json\/wp\/v2\/rizoma_product_template?post=314347"},{"taxonomy":"product_brand","embeddable":true,"href":"https:\/\/www.rizoma.com\/de\/wp-json\/wp\/v2\/product_brand?post=314347"},{"taxonomy":"product_cat","embeddable":true,"href":"https:\/\/www.rizoma.com\/de\/wp-json\/wp\/v2\/product_cat?post=314347"},{"taxonomy":"product_tag","embeddable":true,"href":"https:\/\/www.rizoma.com\/de\/wp-json\/wp\/v2\/product_tag?post=314347"}],"curies":[{"name":"wp","href":"https:\/\/api.w.org\/{rel}","templated":true}]}}