{"id":314237,"date":"2024-11-21T16:16:20","date_gmt":"2024-11-21T15:16:20","guid":{"rendered":"https:\/\/rwp.rizoma.com\/negozio\/abdeckung-oem-lenkeraufnahme-bs806\/"},"modified":"2026-03-26T08:29:14","modified_gmt":"2026-03-26T07:29:14","slug":"abdeckung-oem-lenkeraufnahme-bs806","status":"publish","type":"product","link":"https:\/\/www.rizoma.com\/de\/negozio\/spiegel\/BS806\/abdeckung-oem-lenkeraufnahme-bs806\/","title":{"rendered":"Abdeckung OEM Lenkeraufnahme"},"content":{"rendered":"<p>Mit der Abdeckung f\u00fcr Lenkeraufnahme kann bei Austausch des OEM-Spiegels durch einen neuen Lenkerspiegel das in der Verkleidung verbliebene Loch elegant kaschiert werden.<br \/>Das Kit enth\u00e4lt drei verschiedene Aufkleber. Einen mit dem Rizoma-Logo, einen mit dem 530-Logo und einen mit dem 560-Logo sodass Sie den f\u00fcr Ihren T-max-Modell am besten geeigneten Aufkleber ausw\u00e4hlen k\u00f6nnen.<\/p>\n","protected":false},"excerpt":{"rendered":"<p>Mit der Abdeckung f\u00fcr Lenkeraufnahme kann bei Austausch des OEM-Spiegels durch einen neuen Lenkerspiegel das in der Verkleidung verbliebene Loch elegant kaschiert werden.Das Kit enth\u00e4lt drei verschiedene Aufkleber. Einen mit dem Rizoma-Logo, einen mit dem 530-Logo und einen mit dem 560-Logo sodass Sie den f\u00fcr Ihren T-max-Modell am besten geeigneten Aufkleber ausw\u00e4hlen k\u00f6nnen.<\/p>\n","protected":false},"featured_media":297527,"template":"","meta":{"_acf_changed":false},"rizoma_assembly_time":[42664],"rizoma_bike":[41767,41903,42023,41774,41904,41811,41812,41858,41859,42024,41905,41906,41961,42025,42120,42225,42386,42226,42378],"rizoma_division":[42652],"rizoma_family":[42838],"rizoma_model_category":[],"rizoma_product_template":[],"product_brand":[],"product_cat":[42673],"product_tag":[],"class_list":{"0":"post-314237","1":"product","2":"type-product","3":"status-publish","4":"has-post-thumbnail","6":"rizoma_bike-t-max-530-2012-14","7":"rizoma_bike-t-max-530-2015-16","8":"rizoma_bike-t-max-530-2017-19","9":"rizoma_bike-t-max-530-abs-2012-14","10":"rizoma_bike-t-max-530-abs-2015-17","11":"rizoma_bike-t-max-530-black-max-2012-14","12":"rizoma_bike-t-max-530-black-max-abs-2012-14","13":"rizoma_bike-t-max-530-bronze-max-2014","14":"rizoma_bike-t-max-530-bronze-max-abs-2014","15":"rizoma_bike-t-max-530-dx-2017-19","16":"rizoma_bike-t-max-530-iron-max-2014-17","17":"rizoma_bike-t-max-530-iron-max-abs-2014-17","18":"rizoma_bike-t-max-530-lux-max-abs-2016-17","19":"rizoma_bike-t-max-530-sx-2017-19","20":"rizoma_bike-t-max-530-sx-sport-edition-2018-19","21":"rizoma_bike-t-max-560-2020-21","22":"rizoma_bike-t-max-560-20-anniversario-2021","23":"rizoma_bike-t-max-560-tech-max-2020","24":"rizoma_bike-t-max-560-tech-max-2021","25":"product_cat-spiegel","27":"first","28":"instock","29":"sale","30":"taxable","31":"shipping-taxable","32":"purchasable","33":"product-type-variable"},"acf":[],"_links":{"self":[{"href":"https:\/\/www.rizoma.com\/de\/wp-json\/wp\/v2\/product\/314237","targetHints":{"allow":["GET"]}}],"collection":[{"href":"https:\/\/www.rizoma.com\/de\/wp-json\/wp\/v2\/product"}],"about":[{"href":"https:\/\/www.rizoma.com\/de\/wp-json\/wp\/v2\/types\/product"}],"wp:featuredmedia":[{"embeddable":true,"href":"https:\/\/www.rizoma.com\/de\/wp-json\/wp\/v2\/media\/297527"}],"wp:attachment":[{"href":"https:\/\/www.rizoma.com\/de\/wp-json\/wp\/v2\/media?parent=314237"}],"wp:term":[{"taxonomy":"rizoma_assembly_time","embeddable":true,"href":"https:\/\/www.rizoma.com\/de\/wp-json\/wp\/v2\/rizoma_assembly_time?post=314237"},{"taxonomy":"rizoma_bike","embeddable":true,"href":"https:\/\/www.rizoma.com\/de\/wp-json\/wp\/v2\/rizoma_bike?post=314237"},{"taxonomy":"rizoma_division","embeddable":true,"href":"https:\/\/www.rizoma.com\/de\/wp-json\/wp\/v2\/rizoma_division?post=314237"},{"taxonomy":"rizoma_family","embeddable":true,"href":"https:\/\/www.rizoma.com\/de\/wp-json\/wp\/v2\/rizoma_family?post=314237"},{"taxonomy":"rizoma_model_category","embeddable":true,"href":"https:\/\/www.rizoma.com\/de\/wp-json\/wp\/v2\/rizoma_model_category?post=314237"},{"taxonomy":"rizoma_product_template","embeddable":true,"href":"https:\/\/www.rizoma.com\/de\/wp-json\/wp\/v2\/rizoma_product_template?post=314237"},{"taxonomy":"product_brand","embeddable":true,"href":"https:\/\/www.rizoma.com\/de\/wp-json\/wp\/v2\/product_brand?post=314237"},{"taxonomy":"product_cat","embeddable":true,"href":"https:\/\/www.rizoma.com\/de\/wp-json\/wp\/v2\/product_cat?post=314237"},{"taxonomy":"product_tag","embeddable":true,"href":"https:\/\/www.rizoma.com\/de\/wp-json\/wp\/v2\/product_tag?post=314237"}],"curies":[{"name":"wp","href":"https:\/\/api.w.org\/{rel}","templated":true}]}}