{"id":314117,"date":"2024-11-21T16:13:49","date_gmt":"2024-11-21T15:13:49","guid":{"rendered":"https:\/\/rwp.rizoma.com\/negozio\/ritzelabdeckung-zap001\/"},"modified":"2025-09-16T15:01:30","modified_gmt":"2025-09-16T13:01:30","slug":"ritzelabdeckung-zap001","status":"publish","type":"product","link":"https:\/\/www.rizoma.com\/de\/negozio\/mehr-fur-ihre-aprilia\/ZAP001\/ritzelabdeckung-zap001\/","title":{"rendered":"Ritzelabdeckung"},"content":{"rendered":"<p>Die komplett aus Aluminium, einem leichten, aber widerstandsf\u00e4higen Material, gefertigte Ritzelabdeckung von Rizoma wird aus dem Vollen gearbeitet und anschlie\u00dfend f\u00fcr eine langlebigere Optik eloxiert. Klare Linien und ein sportliches Design, die perfekt mit dem Look des Motorrads harmonieren.<\/p>\n","protected":false},"excerpt":{"rendered":"<p>Die komplett aus Aluminium, einem leichten, aber widerstandsf\u00e4higen Material, gefertigte Ritzelabdeckung von Rizoma wird aus dem Vollen gearbeitet und anschlie\u00dfend f\u00fcr eine langlebigere Optik eloxiert. Klare Linien und ein sportliches Design, die perfekt mit dem Look des Motorrads harmonieren.<\/p>\n","protected":false},"featured_media":294492,"template":"","meta":{"_acf_changed":false},"rizoma_assembly_time":[42675],"rizoma_bike":[41618,41619,41620,41993,41910,41994,42134,41911,41752,42356,41891,42059,42131,42357,42577,41438,41753,42127,41892,41990,42132],"rizoma_division":[42652],"rizoma_family":[],"rizoma_model_category":[],"rizoma_product_template":[],"product_brand":[],"product_cat":[42777],"product_tag":[],"class_list":{"0":"post-314117","1":"product","2":"type-product","3":"status-publish","4":"has-post-thumbnail","6":"rizoma_bike-rsv4-factory-2009-12","7":"rizoma_bike-rsv4-factory-aprc-abs-2011-15","8":"rizoma_bike-rsv4-r-2009-12","9":"rizoma_bike-rsv4-rf-2017-19","10":"rizoma_bike-rsv4-rf-abs-2015-17","11":"rizoma_bike-rsv4-rr-2017-18","12":"rizoma_bike-rsv4-rr-2019-20","13":"rizoma_bike-rsv4-rr-abs-2015-17","14":"rizoma_bike-rsv4-rr-aprc-abs-2011-15","15":"rizoma_bike-tuono-v4-2021-24","16":"rizoma_bike-tuono-v4-factory-2015-17","17":"rizoma_bike-tuono-v4-factory-2017-18","18":"rizoma_bike-tuono-v4-factory-2019-20","19":"rizoma_bike-tuono-v4-factory-2021-24","20":"rizoma_bike-tuono-v4-factory-speed-white-2023-24","21":"rizoma_bike-tuono-v4-r-2011-15","22":"rizoma_bike-tuono-v4-r-aprc-2011-13","23":"rizoma_bike-tuono-v4-r-aprc-abs-2013-15","24":"rizoma_bike-tuono-v4-rr-2015-17","25":"rizoma_bike-tuono-v4-rr-2017-18","26":"rizoma_bike-tuono-v4-rr-2019-20","27":"product_cat-mehr-fur-ihre-aprilia","29":"first","30":"instock","31":"taxable","32":"shipping-taxable","33":"purchasable","34":"product-type-variable"},"acf":[],"_links":{"self":[{"href":"https:\/\/www.rizoma.com\/de\/wp-json\/wp\/v2\/product\/314117","targetHints":{"allow":["GET"]}}],"collection":[{"href":"https:\/\/www.rizoma.com\/de\/wp-json\/wp\/v2\/product"}],"about":[{"href":"https:\/\/www.rizoma.com\/de\/wp-json\/wp\/v2\/types\/product"}],"wp:featuredmedia":[{"embeddable":true,"href":"https:\/\/www.rizoma.com\/de\/wp-json\/wp\/v2\/media\/294492"}],"wp:attachment":[{"href":"https:\/\/www.rizoma.com\/de\/wp-json\/wp\/v2\/media?parent=314117"}],"wp:term":[{"taxonomy":"rizoma_assembly_time","embeddable":true,"href":"https:\/\/www.rizoma.com\/de\/wp-json\/wp\/v2\/rizoma_assembly_time?post=314117"},{"taxonomy":"rizoma_bike","embeddable":true,"href":"https:\/\/www.rizoma.com\/de\/wp-json\/wp\/v2\/rizoma_bike?post=314117"},{"taxonomy":"rizoma_division","embeddable":true,"href":"https:\/\/www.rizoma.com\/de\/wp-json\/wp\/v2\/rizoma_division?post=314117"},{"taxonomy":"rizoma_family","embeddable":true,"href":"https:\/\/www.rizoma.com\/de\/wp-json\/wp\/v2\/rizoma_family?post=314117"},{"taxonomy":"rizoma_model_category","embeddable":true,"href":"https:\/\/www.rizoma.com\/de\/wp-json\/wp\/v2\/rizoma_model_category?post=314117"},{"taxonomy":"rizoma_product_template","embeddable":true,"href":"https:\/\/www.rizoma.com\/de\/wp-json\/wp\/v2\/rizoma_product_template?post=314117"},{"taxonomy":"product_brand","embeddable":true,"href":"https:\/\/www.rizoma.com\/de\/wp-json\/wp\/v2\/product_brand?post=314117"},{"taxonomy":"product_cat","embeddable":true,"href":"https:\/\/www.rizoma.com\/de\/wp-json\/wp\/v2\/product_cat?post=314117"},{"taxonomy":"product_tag","embeddable":true,"href":"https:\/\/www.rizoma.com\/de\/wp-json\/wp\/v2\/product_tag?post=314117"}],"curies":[{"name":"wp","href":"https:\/\/api.w.org\/{rel}","templated":true}]}}