{"id":314112,"date":"2024-11-21T16:13:43","date_gmt":"2024-11-21T15:13:43","guid":{"rendered":"https:\/\/rwp.rizoma.com\/negozio\/kennzeichentrager-multifit-pt061\/"},"modified":"2025-01-14T10:42:24","modified_gmt":"2025-01-14T09:42:24","slug":"kennzeichentrager-multifit-pt061","status":"publish","type":"product","link":"https:\/\/www.rizoma.com\/de\/negozio\/kennzeichentrager\/PT061\/kennzeichentrager-multifit-pt061\/","title":{"rendered":"Kennzeichentr\u00e4ger Multifit"},"content":{"rendered":"<p>Kit mit Kennzeichenbeleuchtung, Reflektor, Kennzeichentr\u00e4gerplatte 173&#215;173 mm, US-Kennzeichentr\u00e4gerplatte 166&#215;89,5 mm und Adaptern f\u00fcr Rizoma-Blinker. Es steht den anderen Rizoma-Kennzeichentr\u00e4gern hinsichtlich Funktion und Leistung in nichts nach. Die Anwendungsflexibilit\u00e4t durch die verstellbaren Tr\u00e4gerplatten erm\u00f6glicht den Einbau auf einer Vielzahl von Motorradmarken und -modellen. Der Kennzeichentr\u00e4ger ist mehrfach in Neigung und Umfang verstellbar und gem\u00e4\u00df den Zulassungsstandards mit einer SMD-LED-Kennzeichenbeleuchtung und Reflektor ausgestattet. Die Kennzeichenbeleuchtung kann durch das separat erh\u00e4ltliche Rizoma-R\u00fccklicht (Code EE130B) ersetzt werden, das die Funktionen Kennzeichenbeleuchtung, R\u00fccklicht und Bremslicht umfasst. Der Kennzeichentr\u00e4ger Universal ist das Zubeh\u00f6r der Wahl, wenn kein eigens f\u00fcr das entsprechende Motorradmodell entwickelter Artikel zur Verf\u00fcgung steht. Es wird empfohlen, vor der Bestellung die Abmessungen und die technische Zeichnung zu \u00fcberpr\u00fcfen. Mit ABE-Zertifizierung.<\/p>\n","protected":false},"excerpt":{"rendered":"<p>Kit mit Kennzeichenbeleuchtung, Reflektor, Kennzeichentr\u00e4gerplatte 173&#215;173 mm, US-Kennzeichentr\u00e4gerplatte 166&#215;89,5 mm und Adaptern f\u00fcr Rizoma-Blinker. Es steht den anderen Rizoma-Kennzeichentr\u00e4gern hinsichtlich Funktion und Leistung in nichts nach. Die Anwendungsflexibilit\u00e4t durch die verstellbaren Tr\u00e4gerplatten erm\u00f6glicht den Einbau auf einer Vielzahl von Motorradmarken und -modellen. Der Kennzeichentr\u00e4ger ist mehrfach in Neigung und Umfang verstellbar und gem\u00e4\u00df den Zulassungsstandards [&hellip;]<\/p>\n","protected":false},"featured_media":313529,"template":"","meta":{"_acf_changed":false},"rizoma_assembly_time":[42675],"rizoma_bike":[],"rizoma_division":[42652],"rizoma_family":[42762],"rizoma_model_category":[],"rizoma_product_template":[],"product_brand":[],"product_cat":[42767],"product_tag":[],"class_list":{"0":"post-314112","1":"product","2":"type-product","3":"status-publish","4":"has-post-thumbnail","6":"product_cat-kennzeichentrager","8":"first","9":"instock","10":"taxable","11":"shipping-taxable","12":"purchasable","13":"product-type-variable"},"acf":[],"_links":{"self":[{"href":"https:\/\/www.rizoma.com\/de\/wp-json\/wp\/v2\/product\/314112","targetHints":{"allow":["GET"]}}],"collection":[{"href":"https:\/\/www.rizoma.com\/de\/wp-json\/wp\/v2\/product"}],"about":[{"href":"https:\/\/www.rizoma.com\/de\/wp-json\/wp\/v2\/types\/product"}],"wp:featuredmedia":[{"embeddable":true,"href":"https:\/\/www.rizoma.com\/de\/wp-json\/wp\/v2\/media\/313529"}],"wp:attachment":[{"href":"https:\/\/www.rizoma.com\/de\/wp-json\/wp\/v2\/media?parent=314112"}],"wp:term":[{"taxonomy":"rizoma_assembly_time","embeddable":true,"href":"https:\/\/www.rizoma.com\/de\/wp-json\/wp\/v2\/rizoma_assembly_time?post=314112"},{"taxonomy":"rizoma_bike","embeddable":true,"href":"https:\/\/www.rizoma.com\/de\/wp-json\/wp\/v2\/rizoma_bike?post=314112"},{"taxonomy":"rizoma_division","embeddable":true,"href":"https:\/\/www.rizoma.com\/de\/wp-json\/wp\/v2\/rizoma_division?post=314112"},{"taxonomy":"rizoma_family","embeddable":true,"href":"https:\/\/www.rizoma.com\/de\/wp-json\/wp\/v2\/rizoma_family?post=314112"},{"taxonomy":"rizoma_model_category","embeddable":true,"href":"https:\/\/www.rizoma.com\/de\/wp-json\/wp\/v2\/rizoma_model_category?post=314112"},{"taxonomy":"rizoma_product_template","embeddable":true,"href":"https:\/\/www.rizoma.com\/de\/wp-json\/wp\/v2\/rizoma_product_template?post=314112"},{"taxonomy":"product_brand","embeddable":true,"href":"https:\/\/www.rizoma.com\/de\/wp-json\/wp\/v2\/product_brand?post=314112"},{"taxonomy":"product_cat","embeddable":true,"href":"https:\/\/www.rizoma.com\/de\/wp-json\/wp\/v2\/product_cat?post=314112"},{"taxonomy":"product_tag","embeddable":true,"href":"https:\/\/www.rizoma.com\/de\/wp-json\/wp\/v2\/product_tag?post=314112"}],"curies":[{"name":"wp","href":"https:\/\/api.w.org\/{rel}","templated":true}]}}