{"id":313922,"date":"2024-11-21T16:09:38","date_gmt":"2024-11-21T15:09:38","guid":{"rendered":"https:\/\/rwp.rizoma.com\/negozio\/ausgleichsbehalter-kupplung-ct029\/"},"modified":"2025-07-16T17:06:45","modified_gmt":"2025-07-16T15:06:45","slug":"ausgleichsbehalter-kupplung-ct029","status":"publish","type":"product","link":"https:\/\/www.rizoma.com\/de\/negozio\/ausgleichsbehalter\/CT029\/ausgleichsbehalter-kupplung-ct029\/motorbike\/4749\/suzuki\/gsx-r-600\/","title":{"rendered":"Ausgleichsbeh\u00e4lter Kupplung"},"content":{"rendered":"<p>Die Rizoma-Beh\u00e4lter mit ihrem einfachen, aber unverkennbaren Design verleihen Ihrem Motorrad eine stilvolle, akkurate Optik. Die zur G\u00e4nze aus Aluminium gearbeiteten Beh\u00e4lter sind eloxiert, was nicht nur eine breite Farbpalette erm\u00f6glicht, sondern auch Qualit\u00e4t und Langlebigkeit gew\u00e4hrleistet. Mit T\u00dcV\/ABE-Zertifizierung.<\/p>\n","protected":false},"excerpt":{"rendered":"<p>Die Rizoma-Beh\u00e4lter mit ihrem einfachen, aber unverkennbaren Design verleihen Ihrem Motorrad eine stilvolle, akkurate Optik. Die zur G\u00e4nze aus Aluminium gearbeiteten Beh\u00e4lter sind eloxiert, was nicht nur eine breite Farbpalette erm\u00f6glicht, sondern auch Qualit\u00e4t und Langlebigkeit gew\u00e4hrleistet. Mit T\u00dcV\/ABE-Zertifizierung.<\/p>\n","protected":false},"featured_media":293397,"template":"","meta":{"_acf_changed":false},"rizoma_assembly_time":[42691],"rizoma_bike":[],"rizoma_division":[42652],"rizoma_family":[42695],"rizoma_model_category":[],"rizoma_product_template":[],"product_brand":[],"product_cat":[42689],"product_tag":[],"class_list":{"0":"post-313922","1":"product","2":"type-product","3":"status-publish","4":"has-post-thumbnail","6":"product_cat-ausgleichsbehalter","8":"first","9":"instock","10":"sale","11":"taxable","12":"shipping-taxable","13":"purchasable","14":"product-type-variable"},"acf":[],"_links":{"self":[{"href":"https:\/\/www.rizoma.com\/de\/wp-json\/wp\/v2\/product\/313922","targetHints":{"allow":["GET"]}}],"collection":[{"href":"https:\/\/www.rizoma.com\/de\/wp-json\/wp\/v2\/product"}],"about":[{"href":"https:\/\/www.rizoma.com\/de\/wp-json\/wp\/v2\/types\/product"}],"wp:featuredmedia":[{"embeddable":true,"href":"https:\/\/www.rizoma.com\/de\/wp-json\/wp\/v2\/media\/293397"}],"wp:attachment":[{"href":"https:\/\/www.rizoma.com\/de\/wp-json\/wp\/v2\/media?parent=313922"}],"wp:term":[{"taxonomy":"rizoma_assembly_time","embeddable":true,"href":"https:\/\/www.rizoma.com\/de\/wp-json\/wp\/v2\/rizoma_assembly_time?post=313922"},{"taxonomy":"rizoma_bike","embeddable":true,"href":"https:\/\/www.rizoma.com\/de\/wp-json\/wp\/v2\/rizoma_bike?post=313922"},{"taxonomy":"rizoma_division","embeddable":true,"href":"https:\/\/www.rizoma.com\/de\/wp-json\/wp\/v2\/rizoma_division?post=313922"},{"taxonomy":"rizoma_family","embeddable":true,"href":"https:\/\/www.rizoma.com\/de\/wp-json\/wp\/v2\/rizoma_family?post=313922"},{"taxonomy":"rizoma_model_category","embeddable":true,"href":"https:\/\/www.rizoma.com\/de\/wp-json\/wp\/v2\/rizoma_model_category?post=313922"},{"taxonomy":"rizoma_product_template","embeddable":true,"href":"https:\/\/www.rizoma.com\/de\/wp-json\/wp\/v2\/rizoma_product_template?post=313922"},{"taxonomy":"product_brand","embeddable":true,"href":"https:\/\/www.rizoma.com\/de\/wp-json\/wp\/v2\/product_brand?post=313922"},{"taxonomy":"product_cat","embeddable":true,"href":"https:\/\/www.rizoma.com\/de\/wp-json\/wp\/v2\/product_cat?post=313922"},{"taxonomy":"product_tag","embeddable":true,"href":"https:\/\/www.rizoma.com\/de\/wp-json\/wp\/v2\/product_tag?post=313922"}],"curies":[{"name":"wp","href":"https:\/\/api.w.org\/{rel}","templated":true}]}}