{"id":313877,"date":"2024-11-21T16:07:38","date_gmt":"2024-11-21T15:07:38","guid":{"rendered":"https:\/\/rwp.rizoma.com\/negozio\/spiegel-montagesatz-motorrad-verkleidung-bs778\/"},"modified":"2026-03-17T20:48:39","modified_gmt":"2026-03-17T19:48:39","slug":"spiegel-montagesatz-motorrad-verkleidung-bs778","status":"publish","type":"product","link":"https:\/\/www.rizoma.com\/de\/negozio\/spiegel\/BS778\/spiegel-montagesatz-motorrad-verkleidung-bs778\/motorbike\/7764\/kawasaki\/z-800\/","title":{"rendered":"Spiegel Montagesatz Motorrad-Verkleidung"},"content":{"rendered":"<p>Jeder Rizoma-Spiegeladapter wurde eigens f\u00fcr das entsprechende Motorradmodell entwickelt, um eine bestm\u00f6gliche Befestigung an der Verkleidung zu gew\u00e4hrleisten. Aus Aluminium gearbeitet, um selbst bei starker Beanspruchung Robustheit und Langlebigkeit zu gew\u00e4hrleisten.<\/p>\n","protected":false},"excerpt":{"rendered":"<p>Jeder Rizoma-Spiegeladapter wurde eigens f\u00fcr das entsprechende Motorradmodell entwickelt, um eine bestm\u00f6gliche Befestigung an der Verkleidung zu gew\u00e4hrleisten. Aus Aluminium gearbeitet, um selbst bei starker Beanspruchung Robustheit und Langlebigkeit zu gew\u00e4hrleisten.<\/p>\n","protected":false},"featured_media":297442,"template":"","meta":{"_acf_changed":false},"rizoma_assembly_time":[42664],"rizoma_bike":[41603,41604,43718,41807,41677,41808,42166,42316,42630,42645,41760,41787,41698,41553,41748,41557,41558,41559,41782,41562,41749],"rizoma_division":[42652],"rizoma_family":[42668],"rizoma_model_category":[],"rizoma_product_template":[],"product_brand":[],"product_cat":[42673],"product_tag":[],"class_list":{"0":"post-313877","1":"product","2":"type-product","3":"status-publish","4":"has-post-thumbnail","6":"rizoma_bike-cbr-600-f-2011-13","7":"rizoma_bike-cbr-600-rr-2009-12","8":"rizoma_bike-cbr-600-rr-2024-26","9":"rizoma_bike-cbr-600-rr-abs-2012-16","10":"rizoma_bike-cbr-600-rr-c-abs-2009-12","11":"rizoma_bike-cbr-600-rr-ec-abs-2012-15","12":"rizoma_bike-cbr-650-r-2019-20","13":"rizoma_bike-cbr-650-r-2021-23","14":"rizoma_bike-cbr-650-r-2024-26","15":"rizoma_bike-cbr-650-r-e-clutch-2024-26","16":"rizoma_bike-er-6f-2012-13","17":"rizoma_bike-er-6f-abs-2012-16","18":"rizoma_bike-f4-1000-rr-2010-11","19":"rizoma_bike-gsf-1250-bandit-s-2006-11","20":"rizoma_bike-gsf-1250-bandit-s-traveller-2006-11","21":"rizoma_bike-gsf-650-bandit-s-2005-06","22":"rizoma_bike-gsf-650-bandit-s-2006-12","23":"rizoma_bike-gsf-650-bandit-s-abs-2005-06","24":"rizoma_bike-gsf-650-bandit-s-abs-2006-15","25":"rizoma_bike-gsx-1250-f-abs-traveller-2010-16","26":"rizoma_bike-gsx-650-f-2007-15","27":"product_cat-spiegel","29":"first","30":"instock","31":"taxable","32":"shipping-taxable","33":"purchasable","34":"product-type-variable"},"acf":[],"_links":{"self":[{"href":"https:\/\/www.rizoma.com\/de\/wp-json\/wp\/v2\/product\/313877","targetHints":{"allow":["GET"]}}],"collection":[{"href":"https:\/\/www.rizoma.com\/de\/wp-json\/wp\/v2\/product"}],"about":[{"href":"https:\/\/www.rizoma.com\/de\/wp-json\/wp\/v2\/types\/product"}],"wp:featuredmedia":[{"embeddable":true,"href":"https:\/\/www.rizoma.com\/de\/wp-json\/wp\/v2\/media\/297442"}],"wp:attachment":[{"href":"https:\/\/www.rizoma.com\/de\/wp-json\/wp\/v2\/media?parent=313877"}],"wp:term":[{"taxonomy":"rizoma_assembly_time","embeddable":true,"href":"https:\/\/www.rizoma.com\/de\/wp-json\/wp\/v2\/rizoma_assembly_time?post=313877"},{"taxonomy":"rizoma_bike","embeddable":true,"href":"https:\/\/www.rizoma.com\/de\/wp-json\/wp\/v2\/rizoma_bike?post=313877"},{"taxonomy":"rizoma_division","embeddable":true,"href":"https:\/\/www.rizoma.com\/de\/wp-json\/wp\/v2\/rizoma_division?post=313877"},{"taxonomy":"rizoma_family","embeddable":true,"href":"https:\/\/www.rizoma.com\/de\/wp-json\/wp\/v2\/rizoma_family?post=313877"},{"taxonomy":"rizoma_model_category","embeddable":true,"href":"https:\/\/www.rizoma.com\/de\/wp-json\/wp\/v2\/rizoma_model_category?post=313877"},{"taxonomy":"rizoma_product_template","embeddable":true,"href":"https:\/\/www.rizoma.com\/de\/wp-json\/wp\/v2\/rizoma_product_template?post=313877"},{"taxonomy":"product_brand","embeddable":true,"href":"https:\/\/www.rizoma.com\/de\/wp-json\/wp\/v2\/product_brand?post=313877"},{"taxonomy":"product_cat","embeddable":true,"href":"https:\/\/www.rizoma.com\/de\/wp-json\/wp\/v2\/product_cat?post=313877"},{"taxonomy":"product_tag","embeddable":true,"href":"https:\/\/www.rizoma.com\/de\/wp-json\/wp\/v2\/product_tag?post=313877"}],"curies":[{"name":"wp","href":"https:\/\/api.w.org\/{rel}","templated":true}]}}