{"id":313837,"date":"2024-11-21T16:06:48","date_gmt":"2024-11-21T15:06:48","guid":{"rendered":"https:\/\/rwp.rizoma.com\/negozio\/spiegel-montagesatz-motorrad-verkleidung-bs721\/"},"modified":"2026-03-31T08:10:57","modified_gmt":"2026-03-31T06:10:57","slug":"spiegel-montagesatz-motorrad-verkleidung-bs721","status":"publish","type":"product","link":"https:\/\/www.rizoma.com\/de\/negozio\/spiegel\/BS721\/spiegel-montagesatz-motorrad-verkleidung-bs721\/","title":{"rendered":"Spiegel Montagesatz Motorrad-Verkleidung"},"content":{"rendered":"<p>Jeder Rizoma-Spiegeladapter wurde eigens f\u00fcr das entsprechende Motorradmodell entwickelt, um eine bestm\u00f6gliche Befestigung an der Verkleidung zu gew\u00e4hrleisten. Aus Aluminium gearbeitet, um selbst bei starker Beanspruchung Robustheit und Langlebigkeit zu gew\u00e4hrleisten.<\/p>\n","protected":false},"excerpt":{"rendered":"<p>Jeder Rizoma-Spiegeladapter wurde eigens f\u00fcr das entsprechende Motorradmodell entwickelt, um eine bestm\u00f6gliche Befestigung an der Verkleidung zu gew\u00e4hrleisten. Aus Aluminium gearbeitet, um selbst bei starker Beanspruchung Robustheit und Langlebigkeit zu gew\u00e4hrleisten.<\/p>\n","protected":false},"featured_media":297377,"template":"","meta":{"_acf_changed":false},"rizoma_assembly_time":[42664],"rizoma_bike":[41671,41669,41674,41675,41676,44005,41681,41682,41687,41691],"rizoma_division":[42652],"rizoma_family":[42668],"rizoma_model_category":[],"rizoma_product_template":[],"product_brand":[],"product_cat":[42673],"product_tag":[],"class_list":{"0":"post-313837","1":"product","2":"type-product","3":"status-publish","4":"has-post-thumbnail","6":"rizoma_bike-cbr-1000-rr-fireblade-2004-05","7":"rizoma_bike-cbr-1000-rr-fireblade-2006-07","8":"rizoma_bike-cbr-600-rr-2003-04","9":"rizoma_bike-cbr-600-rr-2005-06","10":"rizoma_bike-cbr-600-rr-2007-08","11":"rizoma_bike-cbr-900-rr-fireblade-2002-04","12":"rizoma_bike-ninja-1000-zx-10r-2004-05","13":"rizoma_bike-ninja-1000-zx-10r-2006-07","14":"rizoma_bike-ninja-600-zx-6r-2007-08","15":"rizoma_bike-ninja-636-zx-6r-2005-06","16":"product_cat-spiegel","18":"first","19":"instock","20":"taxable","21":"shipping-taxable","22":"purchasable","23":"product-type-variable"},"acf":[],"_links":{"self":[{"href":"https:\/\/www.rizoma.com\/de\/wp-json\/wp\/v2\/product\/313837","targetHints":{"allow":["GET"]}}],"collection":[{"href":"https:\/\/www.rizoma.com\/de\/wp-json\/wp\/v2\/product"}],"about":[{"href":"https:\/\/www.rizoma.com\/de\/wp-json\/wp\/v2\/types\/product"}],"wp:featuredmedia":[{"embeddable":true,"href":"https:\/\/www.rizoma.com\/de\/wp-json\/wp\/v2\/media\/297377"}],"wp:attachment":[{"href":"https:\/\/www.rizoma.com\/de\/wp-json\/wp\/v2\/media?parent=313837"}],"wp:term":[{"taxonomy":"rizoma_assembly_time","embeddable":true,"href":"https:\/\/www.rizoma.com\/de\/wp-json\/wp\/v2\/rizoma_assembly_time?post=313837"},{"taxonomy":"rizoma_bike","embeddable":true,"href":"https:\/\/www.rizoma.com\/de\/wp-json\/wp\/v2\/rizoma_bike?post=313837"},{"taxonomy":"rizoma_division","embeddable":true,"href":"https:\/\/www.rizoma.com\/de\/wp-json\/wp\/v2\/rizoma_division?post=313837"},{"taxonomy":"rizoma_family","embeddable":true,"href":"https:\/\/www.rizoma.com\/de\/wp-json\/wp\/v2\/rizoma_family?post=313837"},{"taxonomy":"rizoma_model_category","embeddable":true,"href":"https:\/\/www.rizoma.com\/de\/wp-json\/wp\/v2\/rizoma_model_category?post=313837"},{"taxonomy":"rizoma_product_template","embeddable":true,"href":"https:\/\/www.rizoma.com\/de\/wp-json\/wp\/v2\/rizoma_product_template?post=313837"},{"taxonomy":"product_brand","embeddable":true,"href":"https:\/\/www.rizoma.com\/de\/wp-json\/wp\/v2\/product_brand?post=313837"},{"taxonomy":"product_cat","embeddable":true,"href":"https:\/\/www.rizoma.com\/de\/wp-json\/wp\/v2\/product_cat?post=313837"},{"taxonomy":"product_tag","embeddable":true,"href":"https:\/\/www.rizoma.com\/de\/wp-json\/wp\/v2\/product_tag?post=313837"}],"curies":[{"name":"wp","href":"https:\/\/api.w.org\/{rel}","templated":true}]}}