{"id":96436,"date":"2024-04-18T12:40:43","date_gmt":"2024-04-18T10:40:43","guid":{"rendered":"https:\/\/rizoma.com\/welcome\/"},"modified":"2025-09-18T14:25:41","modified_gmt":"2025-09-18T12:25:41","slug":"welcome","status":"publish","type":"page","link":"https:\/\/www.rizoma.com\/de\/welcome\/","title":{"rendered":"Welcome"},"content":{"rendered":"\n<div class=\"wp-block-columns is-layout-flex wp-container-core-columns-is-layout-9d6595d7 wp-block-columns-is-layout-flex\">\n<div class=\"wp-block-column is-layout-flow wp-block-column-is-layout-flow\">\n<h3 class=\"wp-block-heading\">Sicherheits- und Gebrauchshinweise<\/h3>\n\n\n\n<p><strong>Lies diese Informationen sorgf\u00e4ltig durch, bevor du das Produkt installierst oder verwendest.<\/strong> Bewahre diese Anleitung f\u00fcr zuk\u00fcnftige Referenz auf.<br><br>Rizoma \u00fcbernimmt keinerlei Haftung f\u00fcr Sch\u00e4den jeglicher Art, die direkt oder indirekt an Personen oder Sachen durch unsachgem\u00e4\u00dfe Montage oder Missachtung der Montageanweisungen verursacht werden k\u00f6nnen.<\/p>\n<\/div>\n\n\n\n<div class=\"wp-block-column is-layout-flow wp-block-column-is-layout-flow\">\n<details class=\"wp-block-details is-layout-flow wp-block-details-is-layout-flow\"><summary>Montage<\/summary>\n<p>Rizoma empfiehlt, die Montageanleitung stets sorgf\u00e4ltig zu befolgen. Bei Fragen zur Installation oder Nutzung wende dich an Rizoma oder den Kundenservice.<br>Rizoma-Produkte sind m\u00f6glicherweise nicht mit deinem Motorrad oder bereits installiertem Aftermarket-Zubeh\u00f6r kompatibel. F\u00fcr maximale Sicherheit wird empfohlen, den Kundenservice zu kontaktieren und die Montage qualifiziertem Fachpersonal zu \u00fcberlassen.<br>Unsachgem\u00e4\u00dfe Montage, Reparaturen oder Wartung k\u00f6nnen Sch\u00e4den verursachen.<\/p>\n\n\n\n<p>Au\u00dferdem empfiehlt Rizoma stets die Verwendung von Werkzeugen mit Millimeterma\u00df (mm). Der Einsatz von Zollwerkzeugen gew\u00e4hrleistet keine exakte Passung mit der Befestigungstechnik und kann dazu f\u00fchren, dass Schrauben, Muttern oder Bauteile besch\u00e4digt werden und ein korrektes Anzugsdrehmoment nicht erreicht wird, was zu Funktionsst\u00f6rungen und Sicherheitsrisiken f\u00fchren kann.<\/p>\n<\/details>\n\n\n\n<details class=\"wp-block-details is-layout-flow wp-block-details-is-layout-flow\"><summary>Zulassung<\/summary>\n<p>Bitte lassen Sie alle zulassungspflichtigen Zubeh\u00f6rteile stets vom zust\u00e4ndigen Amt \u00fcberpr\u00fcfen und eintragen, um die Fahrzeugdokumentation bei Bedarf zu aktualisieren.<\/p>\n<\/details>\n\n\n\n<details class=\"wp-block-details is-layout-flow wp-block-details-is-layout-flow\"><summary>Wartung<\/summary>\n<p>Rizoma-Produkte erfordern regelm\u00e4\u00dfige Wartung. Es wird in jedem Fall empfohlen, keine eigenst\u00e4ndigen Reparaturen oder Modifikationen an Rizoma-Produkten vorzunehmen und stets Original-Ersatzteile von Rizoma zu verwenden.<\/p>\n<\/details>\n<\/div>\n<\/div>\n","protected":false},"excerpt":{"rendered":"<p>Sicherheits- und Gebrauchshinweise Lies diese Informationen sorgf\u00e4ltig durch, bevor du das Produkt installierst oder verwendest. Bewahre diese Anleitung f\u00fcr zuk\u00fcnftige Referenz auf. Rizoma \u00fcbernimmt keinerlei Haftung f\u00fcr Sch\u00e4den jeglicher Art, die direkt oder indirekt an Personen oder Sachen durch unsachgem\u00e4\u00dfe Montage oder Missachtung der Montageanweisungen verursacht werden k\u00f6nnen.<\/p>\n","protected":false},"author":26,"featured_media":0,"parent":0,"menu_order":0,"comment_status":"closed","ping_status":"closed","template":"page-welcome.php","meta":{"_acf_changed":false,"footnotes":""},"class_list":["post-96436","page","type-page","status-publish","hentry"],"acf":[],"_links":{"self":[{"href":"https:\/\/www.rizoma.com\/de\/wp-json\/wp\/v2\/pages\/96436","targetHints":{"allow":["GET"]}}],"collection":[{"href":"https:\/\/www.rizoma.com\/de\/wp-json\/wp\/v2\/pages"}],"about":[{"href":"https:\/\/www.rizoma.com\/de\/wp-json\/wp\/v2\/types\/page"}],"author":[{"embeddable":true,"href":"https:\/\/www.rizoma.com\/de\/wp-json\/wp\/v2\/users\/26"}],"replies":[{"embeddable":true,"href":"https:\/\/www.rizoma.com\/de\/wp-json\/wp\/v2\/comments?post=96436"}],"version-history":[{"count":0,"href":"https:\/\/www.rizoma.com\/de\/wp-json\/wp\/v2\/pages\/96436\/revisions"}],"wp:attachment":[{"href":"https:\/\/www.rizoma.com\/de\/wp-json\/wp\/v2\/media?parent=96436"}],"curies":[{"name":"wp","href":"https:\/\/api.w.org\/{rel}","templated":true}]}}