{"id":343337,"date":"2026-03-02T17:24:55","date_gmt":"2026-03-02T16:24:55","guid":{"rendered":"https:\/\/www.rizoma.com\/?page_id=343337"},"modified":"2026-03-05T16:46:43","modified_gmt":"2026-03-05T15:46:43","slug":"gift-card-rizoma-bonus","status":"publish","type":"page","link":"https:\/\/www.rizoma.com\/de\/gift-card-rizoma-bonus\/","title":{"rendered":"Gift Card Rizoma Bonus"},"content":{"rendered":"<div class=\"acf-innerblocks-container\">\n\n<section class=\"promo-gift-card \" id=\"block_b2473fb2eea1001db661c17bd1dce363\">\n\n  <div class=\"promo-gift-card-hero\">\n    <picture>\n      <source media=\"(max-width: 767px)\" srcset=\"\/wp-content\/uploads\/giftcard-bonus\/DE\/Home-Rizoma-Days_mobile.jpg\" alt=\"Rizoma Promo\">\n      <img decoding=\"async\" src=\"\/wp-content\/uploads\/giftcard-bonus\/DE\/Home-Rizoma-Days_desktop.jpg\" alt=\"Rizoma Promo\">\n    <\/picture>\n  <\/div>\n\n  <div class=\"promo-gift-card-container\">\n    <div class=\"promo-header\">\n      <h1>Design kehrt zu dir zur\u00fcck.<\/h1>\n      <p class=\"subtitle\">JE MEHR DU INVESTIERST, DESTO MEHR ERH\u00c4LTST DU.<\/p>\n      <div class=\"description\">\n        Vom 9. bis zum 15. M\u00e4rz 2026 belohnen wir jeden Umbau: Mit jeder Bestellung auf <strong>rizoma.com<strong> schenken wir dir eine E-Gift Card f\u00fcr dein n\u00e4chstes Projekt. Die H\u00f6he des Gutscheins richtet sich ganz einfach nach deinem Einkaufswert.      <\/div>\n    <\/div>\n\n          <div class=\"promo-table\">\n        <div class=\"table-row table-header\">\n          <div class=\"col\">DEINE BESTELLUNG<\/div>\n          <div class=\"col\">DU ERH\u00c4LTST<\/div>\n        <\/div>\n                  <div class=\"table-row\">\n            <div class=\"col\">\u20ac 350<\/div>\n            <div class=\"col\">\n              \u20ac 50 E-Gift Card            <\/div>\n          <\/div>\n                  <div class=\"table-row\">\n            <div class=\"col\">\u20ac 700<\/div>\n            <div class=\"col\">\n              \u20ac 100 E-Gift Card            <\/div>\n          <\/div>\n                  <div class=\"table-row\">\n            <div class=\"col\">\u20ac 1.500<\/div>\n            <div class=\"col\">\n              \u20ac 250 E-Gift Card            <\/div>\n          <\/div>\n              <\/div>\n      <\/div>\n\n  <div class=\"promo-faq-section\">\n    <div class=\"faq-single-column\">\n\n      <div class=\"faq-intro\">\n        <h2>Das Wichtigste im \u00dcberblick:<\/h2>\n      <\/div>\n\n      <div class=\"faq-main-layout\">\n        <div class=\"faq-content-wrapper\">\n                      <div class=\"accordion-block\">\n              <ul class=\"accordion js-accordion\">\n                                  <li class=\"faq-item\">\n                    <a class=\"accordion-item opener js-accordion-opener\" href=\"#\">\n                      <div class=\"row-between\">\n                        <div class=\"faq-title\">\n                          <span>\n                            WANN LANDET DER GUTSCHEIN BEI DI?                          <\/span>\n                        <\/div>\n                        <div class=\"icon-container\"><span class=\"icon-plus\"><\/span><\/div>\n                      <\/div>\n                    <\/a>\n                    <div class=\"js-accordion-slide\">\n                      <div class=\"accordion-content\">\n                        Der einzigartige Code f\u00fcr Ihre E-Geschenkkarte wird Ihnen zum Zeitpunkt des Kaufs per E-Mail zugesandt. Er wird zwanzig (20) Tage nach der Lieferung der w\u00e4hrend der Aktion \u201eRizoma Days&#8221; gekauften Produkte aktiviert und einl\u00f6sbar, sofern kein R\u00fcckgabeantrag \u00fcber den gesamten Bestellwert gestellt wurde. F\u00fcr alle Einzelheiten lesen Sie bitte die <a href=\"https:\/\/www.rizoma.com\/de\/condizioni-generali-di-vendita\/\" style=\"text-decoration: underline;\">Rizoma Days Allgemeine Gesch\u00e4ftsbedingungen.<\/a>                      <\/div>\n                    <\/div>\n                  <\/li>\n                                  <li class=\"faq-item\">\n                    <a class=\"accordion-item opener js-accordion-opener\" href=\"#\">\n                      <div class=\"row-between\">\n                        <div class=\"faq-title\">\n                          <span>\n                            WIE LANGE IST DIE E-GIFT CARD G\u00dcLTIG?                          <\/span>\n                        <\/div>\n                        <div class=\"icon-container\"><span class=\"icon-plus\"><\/span><\/div>\n                      <\/div>\n                    <\/a>\n                    <div class=\"js-accordion-slide\">\n                      <div class=\"accordion-content\">\n                        Die E-Gift Card ist 1 Jahr (365 Tage) ab dem Aktivierungsdatum g\u00fcltig. Weitere Informationen und Einschr\u00e4nkungen findest du in den <a href=\"https:\/\/www.rizoma.com\/de\/condizioni-generali-di-vendita\/\" style=\"text-decoration: underline;\">Rizoma Days Allgemeine Gesch\u00e4ftsbedingungen.<\/a>                      <\/div>\n                    <\/div>\n                  <\/li>\n                                  <li class=\"faq-item\">\n                    <a class=\"accordion-item opener js-accordion-opener\" href=\"#\">\n                      <div class=\"row-between\">\n                        <div class=\"faq-title\">\n                          <span>\n                            KANN ICH DIE E-GIFT CARD VERSCHENKEN?                          <\/span>\n                        <\/div>\n                        <div class=\"icon-container\"><span class=\"icon-plus\"><\/span><\/div>\n                      <\/div>\n                    <\/a>\n                    <div class=\"js-accordion-slide\">\n                      <div class=\"accordion-content\">\n                        Ja. Die Werbe-E-Gift Card kann an eine andere Person verschenkt werden, die sie f\u00fcr einen Einkauf auf rizoma.com verwenden kann. Dazu gen\u00fcgt es, den erhaltenen Nutzungscode an die gew\u00fcnschte Person weiterzuleiten. Weitere Informationen und Einschr\u00e4nkungen findest du in den <a href=\"https:\/\/www.rizoma.com\/de\/condizioni-generali-di-vendita\/\" style=\"text-decoration: underline;\">Rizoma Days Allgemeine Gesch\u00e4ftsbedingungen.<\/a>                      <\/div>\n                    <\/div>\n                  <\/li>\n                              <\/ul>\n            <\/div>\n          \n          <div class=\"faq-disclaimer\">\n            Diese Aktion gilt nicht f\u00fcr zuvor aufgegebene Bestellungen. <br><br>\r\n<strong>Ausschlie\u00dflich auf rizoma.com vom 9. bis 15. M\u00e4rz 2026 verf\u00fcgbar.<\/strong>          <\/div>\n        <\/div>\n      <\/div>\n\n              <a href=\"https:\/\/www.rizoma.com\/de\/motorcycle\" class=\"rz-button-link\">\n          <button class=\"rz-button\">\n                          <span>Zu den Produkten<\/span>\n                      <\/button>\n        <\/a>\n          <\/div>\n\n  <\/div>\n<\/section>\n<\/div>\n","protected":false},"excerpt":{"rendered":"","protected":false},"author":363,"featured_media":0,"parent":0,"menu_order":0,"comment_status":"closed","ping_status":"closed","template":"","meta":{"_acf_changed":true,"footnotes":""},"class_list":["post-343337","page","type-page","status-publish","hentry"],"acf":[],"_links":{"self":[{"href":"https:\/\/www.rizoma.com\/de\/wp-json\/wp\/v2\/pages\/343337","targetHints":{"allow":["GET"]}}],"collection":[{"href":"https:\/\/www.rizoma.com\/de\/wp-json\/wp\/v2\/pages"}],"about":[{"href":"https:\/\/www.rizoma.com\/de\/wp-json\/wp\/v2\/types\/page"}],"author":[{"embeddable":true,"href":"https:\/\/www.rizoma.com\/de\/wp-json\/wp\/v2\/users\/363"}],"replies":[{"embeddable":true,"href":"https:\/\/www.rizoma.com\/de\/wp-json\/wp\/v2\/comments?post=343337"}],"version-history":[{"count":0,"href":"https:\/\/www.rizoma.com\/de\/wp-json\/wp\/v2\/pages\/343337\/revisions"}],"wp:attachment":[{"href":"https:\/\/www.rizoma.com\/de\/wp-json\/wp\/v2\/media?parent=343337"}],"curies":[{"name":"wp","href":"https:\/\/api.w.org\/{rel}","templated":true}]}}